{"id":1648,"date":"2021-10-18T15:04:34","date_gmt":"2021-10-18T15:04:34","guid":{"rendered":"https:\/\/loving-mendel.157-90-23-119.plesk.page\/?page_id=1648"},"modified":"2021-11-02T09:02:01","modified_gmt":"2021-11-02T09:02:01","slug":"agb","status":"publish","type":"page","link":"https:\/\/franken-feuerwerk.de\/index.php\/agb\/","title":{"rendered":"AGB"},"content":{"rendered":"\t\t<div data-elementor-type=\"wp-page\" data-elementor-id=\"1648\" class=\"elementor elementor-1648\" data-elementor-post-type=\"page\">\n\t\t\t\t\t\t<section class=\"elementor-section elementor-top-section elementor-element elementor-element-43e9921 elementor-section-boxed elementor-section-height-default elementor-section-height-default\" data-id=\"43e9921\" data-element_type=\"section\" data-e-type=\"section\">\n\t\t\t\t\t\t<div class=\"elementor-container elementor-column-gap-default\">\n\t\t\t\t\t<div class=\"elementor-column elementor-col-100 elementor-top-column elementor-element elementor-element-4c6e769\" data-id=\"4c6e769\" data-element_type=\"column\" data-e-type=\"column\">\n\t\t\t<div class=\"elementor-widget-wrap elementor-element-populated\">\n\t\t\t\t\t\t<div class=\"elementor-element elementor-element-17da241 elementor-widget elementor-widget-text-editor\" data-id=\"17da241\" data-element_type=\"widget\" data-e-type=\"widget\" data-widget_type=\"text-editor.default\">\n\t\t\t\t<div class=\"elementor-widget-container\">\n\t\t\t\t\t\t\t\t\t<h1>Allgemeine Gesch\u00e4ftsbedingungen<\/h1><div><p>Allgemeine Gesch\u00e4ftbedingungen<\/p><p>1. Geltungsbereich<\/p><p>1.1 Unsere Angebote, Leistungen und Lieferungen erfolgen ausschlie\u00dflich aufgrund der nachstehenden Allgemeinen Gesch\u00e4ftsbedingungen. Sie gelten f\u00fcr alle Angebote, Vertr\u00e4ge, Lieferungen und Leistungen. Abweichungen von den Allgemeinen Gesch\u00e4ftsbedingungen sind nur dann wirksam, wenn wir diese schriftlich best\u00e4tigen.<\/p><p>1.2 Einkaufsbedingungen des Bestellers wird hiermit widersprochen. Sie werden auch dann nicht anerkannt, wenn wir Ihnen nicht nochmals nach Eingang bei uns ausdr\u00fccklich widersprechen. Ein Widerspruch gegen unsere Bedingungen muss innerhalb 8 Tagen schrifltich erfolgen und zur Wirksamkeit von uns schriftlich anerkannt werden.<\/p><p>1.3 Unsere Angebote sind bez\u00fcglich Preis, Menge, Lieferfrist und Lieferm\u00f6glichkeit freibleibend. Alle Auftr\u00e4ge bed\u00fcrfen zu Ihrer G\u00fcltigkeit unserer schriftlichen Best\u00e4tigung, ebenso jede \u00c4nderung des Inhaltes eines bereits best\u00e4tigten Auftrages. Falls ein bestimmter Artikel nicht greifbar oder lieferbar ist, wird dieser durch einen \u00e4hnlichen oder gleichwertigen Artikel ersetzt. Mit dem Erscheinen unserer neuen Preisliste verlieren automatisch alle fr\u00fcher herausgegebenen Preislisten ihre G\u00fcltigkeit.<\/p><p>2. Zahlungsbedingungen<\/p><p>2.1 Alle ausgewiesenen Preise verstehen sich inclusive der gesetzlich g\u00fcltigen Mehrwertsteuer.<\/p><p>2.2 Abholung der bestellten und bezahlten Ware erfolgt an dem 3 regul\u00e4ren Verkaufstagen in unserem Laden in 63930 Richelbach. Bestellte Ware kann auch, gegen Bezahlung, zum gleichen Datum vom gleichen Ort abgeholt werden.\u00a0<\/p><p><span style=\"font-style: inherit; font-weight: inherit; color: var( --e-global-color-text ); font-family: var( --e-global-typography-text-font-family ), Sans-serif;\">3. Bestellvoraussetzungen\u00a0<\/span><\/p><p>3.1 Bei Bestellungen unter dem Jahr ben\u00f6tigen wir bei Bestellabgabe eine Kopie der ben\u00f6tigten Genehmigung der Gemeinde in der das Feuerwerk gez\u00fcndet werden soll. Das Formular hierf\u00fcr kann von unser Hompage downgeloadet werden.<\/p><p>3.2 Die Erwerber von T1 Feuerwerk versichern, dass Sie \u00fcber die gesetzlichen Bestimmungen zur Handhabe dieses Feuerwerks Bescheid wissen und dies bei Ihrer Bestellung ausdr\u00fccklich mit \u00dcbermittlung des unterschrieben T1 Formulares best\u00e4tigen. F\u00fcr eventuelle Folgen, in welcher Form auch immer, tragen Sie die alleinige Verantwortung. Wir schlie\u00dfen ausdr\u00fccklich Haftungsanspr\u00fcche des Erwerbers oder Dritte an uns aus.<\/p><p>3.3 Feuerwerk der Klasse I, auch Jugendfreies Feuerwerk genannt, kann unabh\u00e4ngig vom Alter des Erwerber das ganze Jahr \u00fcber bestellt und gez\u00fcndet werden. Bei Jugendlichen unter 12 Jahren wird die Anwesenheit eines Erwachsenen empfohlen.<\/p><p>3.4 F\u00fcr Bestellungen zu Silvester ist die \u00dcbermittlung einer g\u00fcltigen Alterlegitimation in Form einer Personalausweiskopie zwingend vorgeschrieben. Erfolgt dies nicht nach der Aufforderung wird keine Gew\u00e4hr f\u00fcr eine p\u00fcnktliche Lieferung \u00fcbernommen und der Kunde hat bei versp\u00e4teter Lieferung kein Recht auf R\u00fcckgabe der Ware wegen\u00a0Lieferverzug.\u00a0\u00a0<\/p><p>4. Haftung<\/p><p>4.1 Es liegt in der Eigenschaft der von uns vertriebenen Artikel, dass wir keinen Einfluss auf die stoffliche Qualit\u00e4t, die \u00dcbereinstimmung der beschrieben mit den tats\u00e4chlichen Effekten oder sonstigen Abweichungen haben. Die Ware verl\u00e4\u00dft unser Haus in einem optisch einwandfreiem Zustand. Eine Haftung f\u00fcr Folgesch\u00e4den, die nach Erhalt der Ware durch die Lagerung oder den Gebrauch beim Empf\u00e4nger oder Dritten eintreten, ist ausdr\u00fccklich ausgeschlossen.<\/p><p>5. Erf\u00fcllungsort und Gerichtsstand<\/p><p>5.1 F\u00fcr die vorgenannten Gesch\u00e4ftbedingungen und die gesamte Rechtsbeziehung zwischen uns und dem Besteller gilt das Recht der Bundesrepublik Deutschland.<\/p><p>Erf\u00fcllungsort ist 63930 Umpfenbach, Gerichtsstand f\u00fcr alle Streitigkeiten aus der Gesch\u00e4ftsverbindung ist 63897 Miltenberg, soweit nicht zwingend gesetzlich ein anderer Gerichtsstand vorgeschrieben ist.<\/p><p>5.2. Aufsichtbeh\u00f6rde: Regierung von Unterfranken, Gewerbeaufsichtsamt W\u00fcrzburg<\/p><p>6. R\u00fccktritts- und Widerrufsrecht<\/p><p>6.1 Der Kunde hat das Recht, ohne Angabe von Gr\u00fcnden, innerhalb von 14 Tagen ohne Angabe von Gr\u00fcnden in Textform (z.B. Brief, Fax,e-Mail) oder- wenn Ihnen die Sache vor Fristablauf \u00fcberlassen wird- auch durch R\u00fccksendung der Sache widerrufen. Die Frist beginnt nach Erhalt dieser Belehrung in Textform, jedoch nicht vor Eingang der Ware beim Empf\u00e4nger und auch nicht vor Erf\u00fcllung unserer Informationspflichten gem\u00e4\u00df Artikel 246 \u00a7 2 in Verbindung mit \u00a71 Absatz 1 und 2 EGBGB sowie unseren Pflichten gem\u00e4\u00df \u00a7 312g Absatz 1 Satz 1 BGB in Verbindung mit Artikel 246 \u00a7 3 EGBGB. Zur Wahrung der Widerufsfrist gen\u00fcgt die rechtzeitige Absendung des Widerrufs oder der Sache. Der Widerruf ist zu richten an: Franken-Feuerwerk Markus Trappiel, Schlo\u00dfstra\u00dfe 19, 63930 Umpfenbach, Fax: 09378\/1591, E-Mail: franken-feuerwerk@t-online.de<\/p><p>6.2 Der Kunde hat das recht, den Auftrag durch die R\u00fccksendung der Ware zu widerrufen, es sei denn, er hat in Aus\u00fcbung einer gewerblichen oder selbst\u00e4ndig beruflichen T\u00e4tigkeit gehandelt. Die 30 t\u00e4gige Frist beginnt mit dem Erhalt der Ware. Zur Wahrung der Frist gen\u00fcgt eine rechtzeitige Absendung der Ware.<\/p><p>6.2 Im Falle eines wirksamen Widerufs sind die beiderseitig empfangenen Leistungen zur\u00fcckzugew\u00e4hren. K\u00f6nnen Sie uns die empfangene Leistung ganz oder teilweise nicht oder nur im verschlechterten Zustand zur\u00fcckgew\u00e4hren beziehungsweise herausgeben, m\u00fcssen Sie uns insoweit ggf. Wertersatz leisten. F\u00fcr die Verschlechterung der Sache und f\u00fcr gezogene Nutzungen m\u00fcssten Sie Wertersatz nur leisten, soweit die Nutzungen oder die Verschlechterung auf einenUmgang mit der Sache zur\u00fcckzuf\u00fchren ist, der \u00fcber die Pr\u00fcfung der Eigenschaften und der Funktionsweise hinausgeht. Unter &#8222;Pr\u00fcfung der Eigenschaften und der Funktionsweise&#8220; versteht man das Testen und Ausprobieren der jeweiligen Ware, wie es etwa im Ladengesch\u00e4ft m\u00f6glich und \u00fcblich ist. Paketversandm\u00e4\u00dfige Sachen sind auf unsere Gefahr zur\u00fcckzusenden. Sie haben die regelm\u00e4\u00dfigen Kosten der R\u00fccksendung zu tragen. Verpflichtungen zur Erstattung von Zahlungen m\u00fcssen innerhalb von 30 Tagen erf\u00fcllt werden.Die Frist beginnt f\u00fcr Sie mit der Absendung Ihrer Widerrufserkl\u00e4rung oder der Sache, f\u00fcr uns mit deren Empfang.<\/p><p>7. Vers\u00e4umnis des Kunden<\/p><p>7.1 Erbringt ein Kunde nach seiner Bestellung nicht die angeforderten Nachweise (Alterslegitimation, \u00dcberweisung der Vorkasse) bis zu einem ihm mitgeteilten Zeitpunkt, verf\u00e4llt die Bestellung. Wird Vorkasse geleistet, aber keine Alterslegitimation erbracht, wird die geleistetet Vorkasse im Falle einer Silvesterfeuerwerksbestellung innerhalb des Januars des Folgejahres nach \u00dcbermittlung der Bankdaten, abz\u00fcglich einer Geb\u00fchr von 10 % des Auftragswertes, mindestens jedoch 10 Euro, dem Kunden R\u00fcck\u00fcberwiesen.\u00a0Es ist aber auch f\u00fcr den Kunden m\u00f6glich, den bereits \u00fcberwiesenen Geldbetrag f\u00fcr eine Bestellung im kommenden Jahr zu nutzen, sofern die fehlenden Alterslegitimation umgehend nachgereicht wird.\u00a0\u00a0<\/p><p>8. Salvatorischen Klausel<\/p><p>8.1 Sollte eine oder mehrere der vorstehenden Klauseln unwirksam sein oder werden, so werden die anderen Bestimmungen, sowie das zugrunde liegende Rechtsverh\u00e4ltnis, dadurch nicht ber\u00fchrt.<\/p><\/div>\t\t\t\t\t\t\t\t<\/div>\n\t\t\t\t<\/div>\n\t\t\t\t\t<\/div>\n\t\t<\/div>\n\t\t\t\t\t<\/div>\n\t\t<\/section>\n\t\t\t\t<\/div>\n\t\t","protected":false},"excerpt":{"rendered":"<p>Allgemeine Gesch\u00e4ftsbedingungen Allgemeine Gesch\u00e4ftbedingungen 1. Geltungsbereich 1.1 Unsere Angebote, Leistungen und Lieferungen erfolgen ausschlie\u00dflich aufgrund der nachstehenden Allgemeinen Gesch\u00e4ftsbedingungen. Sie gelten f\u00fcr alle Angebote, Vertr\u00e4ge, Lieferungen und Leistungen. Abweichungen von den Allgemeinen Gesch\u00e4ftsbedingungen sind nur dann wirksam, wenn wir diese schriftlich best\u00e4tigen. 1.2 Einkaufsbedingungen des Bestellers wird hiermit widersprochen. Sie werden auch dann nicht anerkannt, [&hellip;]<\/p>\n","protected":false},"author":1,"featured_media":0,"parent":0,"menu_order":0,"comment_status":"closed","ping_status":"closed","template":"","meta":{"site-sidebar-layout":"no-sidebar","site-content-layout":"page-builder","ast-site-content-layout":"default","site-content-style":"default","site-sidebar-style":"default","ast-global-header-display":"","ast-banner-title-visibility":"","ast-main-header-display":"","ast-hfb-above-header-display":"","ast-hfb-below-header-display":"","ast-hfb-mobile-header-display":"","site-post-title":"disabled","ast-breadcrumbs-content":"","ast-featured-img":"disabled","footer-sml-layout":"","ast-disable-related-posts":"","theme-transparent-header-meta":"default","adv-header-id-meta":"","stick-header-meta":"","header-above-stick-meta":"","header-main-stick-meta":"","header-below-stick-meta":"","astra-migrate-meta-layouts":"default","ast-page-background-enabled":"default","ast-page-background-meta":{"desktop":{"background-color":"var(--ast-global-color-4)","background-image":"","background-repeat":"repeat","background-position":"center center","background-size":"auto","background-attachment":"scroll","background-type":"","background-media":"","overlay-type":"","overlay-color":"","overlay-opacity":"","overlay-gradient":""},"tablet":{"background-color":"","background-image":"","background-repeat":"repeat","background-position":"center center","background-size":"auto","background-attachment":"scroll","background-type":"","background-media":"","overlay-type":"","overlay-color":"","overlay-opacity":"","overlay-gradient":""},"mobile":{"background-color":"","background-image":"","background-repeat":"repeat","background-position":"center center","background-size":"auto","background-attachment":"scroll","background-type":"","background-media":"","overlay-type":"","overlay-color":"","overlay-opacity":"","overlay-gradient":""}},"ast-content-background-meta":{"desktop":{"background-color":"var(--ast-global-color-5)","background-image":"","background-repeat":"repeat","background-position":"center center","background-size":"auto","background-attachment":"scroll","background-type":"","background-media":"","overlay-type":"","overlay-color":"","overlay-opacity":"","overlay-gradient":""},"tablet":{"background-color":"var(--ast-global-color-5)","background-image":"","background-repeat":"repeat","background-position":"center center","background-size":"auto","background-attachment":"scroll","background-type":"","background-media":"","overlay-type":"","overlay-color":"","overlay-opacity":"","overlay-gradient":""},"mobile":{"background-color":"var(--ast-global-color-5)","background-image":"","background-repeat":"repeat","background-position":"center center","background-size":"auto","background-attachment":"scroll","background-type":"","background-media":"","overlay-type":"","overlay-color":"","overlay-opacity":"","overlay-gradient":""}},"footnotes":""},"class_list":["post-1648","page","type-page","status-publish","hentry"],"jetpack_sharing_enabled":true,"_links":{"self":[{"href":"https:\/\/franken-feuerwerk.de\/index.php\/wp-json\/wp\/v2\/pages\/1648","targetHints":{"allow":["GET"]}}],"collection":[{"href":"https:\/\/franken-feuerwerk.de\/index.php\/wp-json\/wp\/v2\/pages"}],"about":[{"href":"https:\/\/franken-feuerwerk.de\/index.php\/wp-json\/wp\/v2\/types\/page"}],"author":[{"embeddable":true,"href":"https:\/\/franken-feuerwerk.de\/index.php\/wp-json\/wp\/v2\/users\/1"}],"replies":[{"embeddable":true,"href":"https:\/\/franken-feuerwerk.de\/index.php\/wp-json\/wp\/v2\/comments?post=1648"}],"version-history":[{"count":0,"href":"https:\/\/franken-feuerwerk.de\/index.php\/wp-json\/wp\/v2\/pages\/1648\/revisions"}],"wp:attachment":[{"href":"https:\/\/franken-feuerwerk.de\/index.php\/wp-json\/wp\/v2\/media?parent=1648"}],"curies":[{"name":"wp","href":"https:\/\/api.w.org\/{rel}","templated":true}]}}