{"id":2336,"date":"2022-02-28T09:39:24","date_gmt":"2022-02-28T08:39:24","guid":{"rendered":"https:\/\/franken-feuerwerk.de\/?post_type=product&#038;p=2336"},"modified":"2025-12-09T22:17:54","modified_gmt":"2025-12-09T21:17:54","slug":"blossom","status":"publish","type":"product","link":"https:\/\/franken-feuerwerk.de\/index.php\/produkt\/blossom\/","title":{"rendered":"Blossom"},"content":{"rendered":"<p>Blossom, Blinkstern-Buketts kombiniert mit Titangoldweiden,die sich zuerst in Farbspitzen und finalisierend in Silbercracker-Spitzen verwandeln.<\/p>\n<p>Effekte:<br \/>\n1.) Roter Leuchtspur-Aufstieg zu wei\u00dfen Blinkern mit Titangoldweide zu roten Spitzen;<br \/>\n2.) Gr\u00fcner Leuchtspur-Aufstieg zu Goldblinkern mit Titangoldweide zu gr\u00fcnen Spitzen;<br \/>\n3.) Violetter Leuchtspur-Aufstieg zu Gr\u00fcnblinkern mit Titangoldweide zu violetten Spitzen;<br \/>\n4.) Blauer Leuchtspur-Aufstieg zu roten Blinkern mit Titangoldweide zu blauen Spitzen;<br \/>\n5.) Titangold-Schweifaufstieg zu Blinkern in Gr\u00fcn, Gold und Rot, kombiniert mit Titangoldweide mit Silbercracker-Verwandlungsspitzen<\/p>\n","protected":false},"excerpt":{"rendered":"<p>Blossom, Blinkstern-Buketts kombiniert mit Titangoldweiden,die sich zuerst in Farbspitzen und finalisierend in Silbercracker-Spitzen verwandeln. Effekte: 1.) Roter Leuchtspur-Aufstieg zu wei\u00dfen Blinkern mit Titangoldweide zu roten Spitzen; 2.) Gr\u00fcner Leuchtspur-Aufstieg zu Goldblinkern mit Titangoldweide zu gr\u00fcnen Spitzen; 3.) Violetter Leuchtspur-Aufstieg zu Gr\u00fcnblinkern mit Titangoldweide zu violetten Spitzen; 4.) Blauer Leuchtspur-Aufstieg zu roten Blinkern mit Titangoldweide zu [&hellip;]<\/p>\n","protected":false},"featured_media":2337,"template":"","meta":{"site-sidebar-layout":"default","site-content-layout":"default","ast-site-content-layout":"default","site-content-style":"default","site-sidebar-style":"default","ast-global-header-display":"","ast-banner-title-visibility":"","ast-main-header-display":"","ast-hfb-above-header-display":"","ast-hfb-below-header-display":"","ast-hfb-mobile-header-display":"","site-post-title":"","ast-breadcrumbs-content":"","ast-featured-img":"","footer-sml-layout":"","ast-disable-related-posts":"","theme-transparent-header-meta":"default","adv-header-id-meta":"","stick-header-meta":"","header-above-stick-meta":"","header-main-stick-meta":"","header-below-stick-meta":"","astra-migrate-meta-layouts":"set","ast-page-background-enabled":"default","ast-page-background-meta":{"desktop":{"background-color":"var(--ast-global-color-4)","background-image":"","background-repeat":"repeat","background-position":"center center","background-size":"auto","background-attachment":"scroll","background-type":"","background-media":"","overlay-type":"","overlay-color":"","overlay-opacity":"","overlay-gradient":""},"tablet":{"background-color":"","background-image":"","background-repeat":"repeat","background-position":"center center","background-size":"auto","background-attachment":"scroll","background-type":"","background-media":"","overlay-type":"","overlay-color":"","overlay-opacity":"","overlay-gradient":""},"mobile":{"background-color":"","background-image":"","background-repeat":"repeat","background-position":"center center","background-size":"auto","background-attachment":"scroll","background-type":"","background-media":"","overlay-type":"","overlay-color":"","overlay-opacity":"","overlay-gradient":""}},"ast-content-background-meta":{"desktop":{"background-color":"var(--ast-global-color-5)","background-image":"","background-repeat":"repeat","background-position":"center center","background-size":"auto","background-attachment":"scroll","background-type":"","background-media":"","overlay-type":"","overlay-color":"","overlay-opacity":"","overlay-gradient":""},"tablet":{"background-color":"var(--ast-global-color-5)","background-image":"","background-repeat":"repeat","background-position":"center center","background-size":"auto","background-attachment":"scroll","background-type":"","background-media":"","overlay-type":"","overlay-color":"","overlay-opacity":"","overlay-gradient":""},"mobile":{"background-color":"var(--ast-global-color-5)","background-image":"","background-repeat":"repeat","background-position":"center center","background-size":"auto","background-attachment":"scroll","background-type":"","background-media":"","overlay-type":"","overlay-color":"","overlay-opacity":"","overlay-gradient":""}}},"product_brand":[],"product_cat":[21,591,589,307,588],"product_tag":[308,544,164,177,303],"class_list":{"0":"post-2336","1":"product","2":"type-product","3":"status-publish","4":"has-post-thumbnail","6":"product_cat-batterien","7":"product_cat-batterien-funke-marke","8":"product_cat-funke-marke","9":"product_cat-funke-argento-verbundfeuerwerk","10":"product_cat-marke","11":"product_tag-argento","12":"product_tag-blossom","13":"product_tag-feuerwerk-miltenberg","14":"product_tag-feuerwerksverkauf","15":"product_tag-funke","16":"product_shipping_class-1-4-g","17":"desktop-align-left","18":"tablet-align-left","19":"mobile-align-left","21":"first","22":"outofstock","23":"shipping-taxable","24":"purchasable","25":"product-type-simple"},"jetpack_sharing_enabled":true,"_links":{"self":[{"href":"https:\/\/franken-feuerwerk.de\/index.php\/wp-json\/wp\/v2\/product\/2336","targetHints":{"allow":["GET"]}}],"collection":[{"href":"https:\/\/franken-feuerwerk.de\/index.php\/wp-json\/wp\/v2\/product"}],"about":[{"href":"https:\/\/franken-feuerwerk.de\/index.php\/wp-json\/wp\/v2\/types\/product"}],"wp:featuredmedia":[{"embeddable":true,"href":"https:\/\/franken-feuerwerk.de\/index.php\/wp-json\/wp\/v2\/media\/2337"}],"wp:attachment":[{"href":"https:\/\/franken-feuerwerk.de\/index.php\/wp-json\/wp\/v2\/media?parent=2336"}],"wp:term":[{"taxonomy":"product_brand","embeddable":true,"href":"https:\/\/franken-feuerwerk.de\/index.php\/wp-json\/wp\/v2\/product_brand?post=2336"},{"taxonomy":"product_cat","embeddable":true,"href":"https:\/\/franken-feuerwerk.de\/index.php\/wp-json\/wp\/v2\/product_cat?post=2336"},{"taxonomy":"product_tag","embeddable":true,"href":"https:\/\/franken-feuerwerk.de\/index.php\/wp-json\/wp\/v2\/product_tag?post=2336"}],"curies":[{"name":"wp","href":"https:\/\/api.w.org\/{rel}","templated":true}]}}