{"id":2948,"date":"2023-03-06T17:58:39","date_gmt":"2023-03-06T16:58:39","guid":{"rendered":"https:\/\/franken-feuerwerk.de\/?post_type=product&#038;p=2948"},"modified":"2026-02-05T10:49:30","modified_gmt":"2026-02-05T09:49:30","slug":"fire-rainbow","status":"publish","type":"product","link":"https:\/\/franken-feuerwerk.de\/index.php\/produkt\/fire-rainbow\/","title":{"rendered":"Fire Rainbow"},"content":{"rendered":"<p>Fire Rainbow, Premium Font\u00e4nen-F\u00e4cher-Batterie mit 4 romantischen Effektbildern.<br \/>\nBild 1: Silberne Pracht-Font\u00e4ne<br \/>\nBild 2: Zwei stark gef\u00e4cherte Silberweiden mit roten Blinksternen<br \/>\nBild 3: Drei gef\u00e4cherte goldene Weiden-Font\u00e4nen mit zitrongelben und blauen Sternen<br \/>\nBild 4: F\u00e4cher mit drei silbernen Schweiffont\u00e4nen mit anschlie\u00dfender Verwandlung in Silber-Chrysanthemen und roten und gr\u00fcnen Prachtsternen.<br \/>\nUmweltfreundliches Feuerwerk und magische Momente mit NICO erleben! Wir gehen den nachhaltigen Weg und kombinieren Entertainment mit Umweltbewusstsein. Fire Rainbow ist eines von unseren revolution\u00e4ren Produkten, die klimaneutral, plastikfrei oder plastikreduziert, tierfreundlich und umweltschonend sind. Das exklusive Design passt zu den zeitgen\u00f6ssischen Entwicklungen und Umweltzielen. NICO \u00fcbernimmt Verantwortung und l\u00e4dt Sie auf eine spannende Entdeckungsreise ein.<\/p>\n","protected":false},"excerpt":{"rendered":"<p>Fire Rainbow, Premium Font\u00e4nen-F\u00e4cher-Batterie mit 4 romantischen Effektbildern. Bild 1: Silberne Pracht-Font\u00e4ne Bild 2: Zwei stark gef\u00e4cherte Silberweiden mit roten Blinksternen Bild 3: Drei gef\u00e4cherte goldene Weiden-Font\u00e4nen mit zitrongelben und blauen Sternen Bild 4: F\u00e4cher mit drei silbernen Schweiffont\u00e4nen mit anschlie\u00dfender Verwandlung in Silber-Chrysanthemen und roten und gr\u00fcnen Prachtsternen. Umweltfreundliches Feuerwerk und magische Momente mit [&hellip;]<\/p>\n","protected":false},"featured_media":2949,"template":"","meta":{"site-sidebar-layout":"default","site-content-layout":"default","ast-site-content-layout":"default","site-content-style":"default","site-sidebar-style":"default","ast-global-header-display":"","ast-banner-title-visibility":"","ast-main-header-display":"","ast-hfb-above-header-display":"","ast-hfb-below-header-display":"","ast-hfb-mobile-header-display":"","site-post-title":"","ast-breadcrumbs-content":"","ast-featured-img":"","footer-sml-layout":"","ast-disable-related-posts":"","theme-transparent-header-meta":"default","adv-header-id-meta":"","stick-header-meta":"","header-above-stick-meta":"","header-main-stick-meta":"","header-below-stick-meta":"","astra-migrate-meta-layouts":"set","ast-page-background-enabled":"default","ast-page-background-meta":{"desktop":{"background-color":"var(--ast-global-color-4)","background-image":"","background-repeat":"repeat","background-position":"center center","background-size":"auto","background-attachment":"scroll","background-type":"","background-media":"","overlay-type":"","overlay-color":"","overlay-opacity":"","overlay-gradient":""},"tablet":{"background-color":"","background-image":"","background-repeat":"repeat","background-position":"center center","background-size":"auto","background-attachment":"scroll","background-type":"","background-media":"","overlay-type":"","overlay-color":"","overlay-opacity":"","overlay-gradient":""},"mobile":{"background-color":"","background-image":"","background-repeat":"repeat","background-position":"center center","background-size":"auto","background-attachment":"scroll","background-type":"","background-media":"","overlay-type":"","overlay-color":"","overlay-opacity":"","overlay-gradient":""}},"ast-content-background-meta":{"desktop":{"background-color":"var(--ast-global-color-5)","background-image":"","background-repeat":"repeat","background-position":"center center","background-size":"auto","background-attachment":"scroll","background-type":"","background-media":"","overlay-type":"","overlay-color":"","overlay-opacity":"","overlay-gradient":""},"tablet":{"background-color":"var(--ast-global-color-5)","background-image":"","background-repeat":"repeat","background-position":"center center","background-size":"auto","background-attachment":"scroll","background-type":"","background-media":"","overlay-type":"","overlay-color":"","overlay-opacity":"","overlay-gradient":""},"mobile":{"background-color":"var(--ast-global-color-5)","background-image":"","background-repeat":"repeat","background-position":"center center","background-size":"auto","background-attachment":"scroll","background-type":"","background-media":"","overlay-type":"","overlay-color":"","overlay-opacity":"","overlay-gradient":""}}},"product_brand":[],"product_cat":[38],"product_tag":[767,766,768],"class_list":{"0":"post-2948","1":"product","2":"type-product","3":"status-publish","4":"has-post-thumbnail","6":"product_cat-leuchtfeuerwerk","7":"product_tag-fire-rainbow","8":"product_tag-fontoebe","9":"product_tag-umweltfreundliches-feuerwerk","10":"product_shipping_class-1-4-g","11":"desktop-align-left","12":"tablet-align-left","13":"mobile-align-left","15":"first","16":"instock","17":"shipping-taxable","18":"purchasable","19":"product-type-simple"},"jetpack_sharing_enabled":true,"_links":{"self":[{"href":"https:\/\/franken-feuerwerk.de\/index.php\/wp-json\/wp\/v2\/product\/2948","targetHints":{"allow":["GET"]}}],"collection":[{"href":"https:\/\/franken-feuerwerk.de\/index.php\/wp-json\/wp\/v2\/product"}],"about":[{"href":"https:\/\/franken-feuerwerk.de\/index.php\/wp-json\/wp\/v2\/types\/product"}],"wp:featuredmedia":[{"embeddable":true,"href":"https:\/\/franken-feuerwerk.de\/index.php\/wp-json\/wp\/v2\/media\/2949"}],"wp:attachment":[{"href":"https:\/\/franken-feuerwerk.de\/index.php\/wp-json\/wp\/v2\/media?parent=2948"}],"wp:term":[{"taxonomy":"product_brand","embeddable":true,"href":"https:\/\/franken-feuerwerk.de\/index.php\/wp-json\/wp\/v2\/product_brand?post=2948"},{"taxonomy":"product_cat","embeddable":true,"href":"https:\/\/franken-feuerwerk.de\/index.php\/wp-json\/wp\/v2\/product_cat?post=2948"},{"taxonomy":"product_tag","embeddable":true,"href":"https:\/\/franken-feuerwerk.de\/index.php\/wp-json\/wp\/v2\/product_tag?post=2948"}],"curies":[{"name":"wp","href":"https:\/\/api.w.org\/{rel}","templated":true}]}}