{"id":2960,"date":"2023-03-07T10:20:29","date_gmt":"2023-03-07T09:20:29","guid":{"rendered":"https:\/\/franken-feuerwerk.de\/?post_type=product&#038;p=2960"},"modified":"2025-01-29T12:15:10","modified_gmt":"2025-01-29T11:15:10","slug":"cool-message","status":"publish","type":"product","link":"https:\/\/franken-feuerwerk.de\/index.php\/produkt\/cool-message\/","title":{"rendered":"Cool Message"},"content":{"rendered":"<p>Cool Message, Vielf\u00e4ltige F\u00e4cher- und Salvenbatterie mit 51 Schuss:<br \/>\nPhase 1: Zweistufige Salven mit 7 silbernen Glitzerstern-F\u00e4chern und goldenen Brokatkronen.<br \/>\nPhase 2: In schneller Abfolge, gesteppt und gef\u00e4chert geschossene rote Schweifkometen mit silbernen Feuert\u00f6pfen.<br \/>\nPhase 3: In schneller Abfolge, gesteppt und gef\u00e4chert, golden aufsteigende Leuchtkometen mit anschlie\u00dfender Verwandlung zu lang ziehendem, glitzerndem Sternregen, umrahmt von silbernen Feuert\u00f6pfen.<\/p>\n","protected":false},"excerpt":{"rendered":"<p>Cool Message, Vielf\u00e4ltige F\u00e4cher- und Salvenbatterie mit 51 Schuss: Phase 1: Zweistufige Salven mit 7 silbernen Glitzerstern-F\u00e4chern und goldenen Brokatkronen. Phase 2: In schneller Abfolge, gesteppt und gef\u00e4chert geschossene rote Schweifkometen mit silbernen Feuert\u00f6pfen. Phase 3: In schneller Abfolge, gesteppt und gef\u00e4chert, golden aufsteigende Leuchtkometen mit anschlie\u00dfender Verwandlung zu lang ziehendem, glitzerndem Sternregen, umrahmt von [&hellip;]<\/p>\n","protected":false},"featured_media":2961,"template":"","meta":{"site-sidebar-layout":"default","site-content-layout":"default","ast-site-content-layout":"default","site-content-style":"default","site-sidebar-style":"default","ast-global-header-display":"","ast-banner-title-visibility":"","ast-main-header-display":"","ast-hfb-above-header-display":"","ast-hfb-below-header-display":"","ast-hfb-mobile-header-display":"","site-post-title":"","ast-breadcrumbs-content":"","ast-featured-img":"","footer-sml-layout":"","ast-disable-related-posts":"","theme-transparent-header-meta":"default","adv-header-id-meta":"","stick-header-meta":"","header-above-stick-meta":"","header-main-stick-meta":"","header-below-stick-meta":"","astra-migrate-meta-layouts":"set","ast-page-background-enabled":"default","ast-page-background-meta":{"desktop":{"background-color":"var(--ast-global-color-4)","background-image":"","background-repeat":"repeat","background-position":"center center","background-size":"auto","background-attachment":"scroll","background-type":"","background-media":"","overlay-type":"","overlay-color":"","overlay-opacity":"","overlay-gradient":""},"tablet":{"background-color":"","background-image":"","background-repeat":"repeat","background-position":"center center","background-size":"auto","background-attachment":"scroll","background-type":"","background-media":"","overlay-type":"","overlay-color":"","overlay-opacity":"","overlay-gradient":""},"mobile":{"background-color":"","background-image":"","background-repeat":"repeat","background-position":"center center","background-size":"auto","background-attachment":"scroll","background-type":"","background-media":"","overlay-type":"","overlay-color":"","overlay-opacity":"","overlay-gradient":""}},"ast-content-background-meta":{"desktop":{"background-color":"var(--ast-global-color-5)","background-image":"","background-repeat":"repeat","background-position":"center center","background-size":"auto","background-attachment":"scroll","background-type":"","background-media":"","overlay-type":"","overlay-color":"","overlay-opacity":"","overlay-gradient":""},"tablet":{"background-color":"var(--ast-global-color-5)","background-image":"","background-repeat":"repeat","background-position":"center center","background-size":"auto","background-attachment":"scroll","background-type":"","background-media":"","overlay-type":"","overlay-color":"","overlay-opacity":"","overlay-gradient":""},"mobile":{"background-color":"var(--ast-global-color-5)","background-image":"","background-repeat":"repeat","background-position":"center center","background-size":"auto","background-attachment":"scroll","background-type":"","background-media":"","overlay-type":"","overlay-color":"","overlay-opacity":"","overlay-gradient":""}}},"product_brand":[],"product_cat":[588,643,21,22,642,47],"product_tag":[776,303,777,52],"class_list":{"0":"post-2960","1":"product","2":"type-product","3":"status-publish","4":"has-post-thumbnail","6":"product_cat-marke","7":"product_cat-batterie-nico-marke","8":"product_cat-batterien","9":"product_cat-nico","10":"product_cat-nico-marke","11":"product_cat-stilles-feuerwerk","12":"product_tag-cool-mesage","13":"product_tag-funke","14":"product_tag-nico-feuerwerk","15":"product_tag-stilles-feuerwerk","16":"product_shipping_class-1-4-g","17":"desktop-align-left","18":"tablet-align-left","19":"mobile-align-left","21":"first","22":"instock","23":"shipping-taxable","24":"purchasable","25":"product-type-simple"},"jetpack_sharing_enabled":true,"_links":{"self":[{"href":"https:\/\/franken-feuerwerk.de\/index.php\/wp-json\/wp\/v2\/product\/2960","targetHints":{"allow":["GET"]}}],"collection":[{"href":"https:\/\/franken-feuerwerk.de\/index.php\/wp-json\/wp\/v2\/product"}],"about":[{"href":"https:\/\/franken-feuerwerk.de\/index.php\/wp-json\/wp\/v2\/types\/product"}],"wp:featuredmedia":[{"embeddable":true,"href":"https:\/\/franken-feuerwerk.de\/index.php\/wp-json\/wp\/v2\/media\/2961"}],"wp:attachment":[{"href":"https:\/\/franken-feuerwerk.de\/index.php\/wp-json\/wp\/v2\/media?parent=2960"}],"wp:term":[{"taxonomy":"product_brand","embeddable":true,"href":"https:\/\/franken-feuerwerk.de\/index.php\/wp-json\/wp\/v2\/product_brand?post=2960"},{"taxonomy":"product_cat","embeddable":true,"href":"https:\/\/franken-feuerwerk.de\/index.php\/wp-json\/wp\/v2\/product_cat?post=2960"},{"taxonomy":"product_tag","embeddable":true,"href":"https:\/\/franken-feuerwerk.de\/index.php\/wp-json\/wp\/v2\/product_tag?post=2960"}],"curies":[{"name":"wp","href":"https:\/\/api.w.org\/{rel}","templated":true}]}}