{"id":3179,"date":"2023-11-24T16:11:21","date_gmt":"2023-11-24T15:11:21","guid":{"rendered":"https:\/\/franken-feuerwerk.de\/?post_type=product&#038;p=3179"},"modified":"2026-02-09T16:53:14","modified_gmt":"2026-02-09T15:53:14","slug":"funke-superboeller-2","status":"publish","type":"product","link":"https:\/\/franken-feuerwerk.de\/index.php\/produkt\/funke-superboeller-2\/","title":{"rendered":"Funke Superb\u00f6ller 2"},"content":{"rendered":"<p>Funke Superb\u00f6ller 2, 80 B\u00f6ller mit jeweils 8 g NEM pro Schinken. Oldschool Handgewickelt in Klasse P1 kategorisiert. <\/p>\n","protected":false},"excerpt":{"rendered":"<p>Funke Superb\u00f6ller 2, 80 B\u00f6ller mit jeweils 8 g NEM pro Schinken. Oldschool Handgewickelt in Klasse P1 kategorisiert.<\/p>\n","protected":false},"featured_media":3180,"template":"","meta":{"site-sidebar-layout":"default","site-content-layout":"","ast-site-content-layout":"default","site-content-style":"default","site-sidebar-style":"default","ast-global-header-display":"","ast-banner-title-visibility":"","ast-main-header-display":"","ast-hfb-above-header-display":"","ast-hfb-below-header-display":"","ast-hfb-mobile-header-display":"","site-post-title":"","ast-breadcrumbs-content":"","ast-featured-img":"","footer-sml-layout":"","ast-disable-related-posts":"","theme-transparent-header-meta":"default","adv-header-id-meta":"","stick-header-meta":"","header-above-stick-meta":"","header-main-stick-meta":"","header-below-stick-meta":"","astra-migrate-meta-layouts":"set","ast-page-background-enabled":"default","ast-page-background-meta":{"desktop":{"background-color":"var(--ast-global-color-4)","background-image":"","background-repeat":"repeat","background-position":"center center","background-size":"auto","background-attachment":"scroll","background-type":"","background-media":"","overlay-type":"","overlay-color":"","overlay-opacity":"","overlay-gradient":""},"tablet":{"background-color":"","background-image":"","background-repeat":"repeat","background-position":"center center","background-size":"auto","background-attachment":"scroll","background-type":"","background-media":"","overlay-type":"","overlay-color":"","overlay-opacity":"","overlay-gradient":""},"mobile":{"background-color":"","background-image":"","background-repeat":"repeat","background-position":"center center","background-size":"auto","background-attachment":"scroll","background-type":"","background-media":"","overlay-type":"","overlay-color":"","overlay-opacity":"","overlay-gradient":""}},"ast-content-background-meta":{"desktop":{"background-color":"var(--ast-global-color-5)","background-image":"","background-repeat":"repeat","background-position":"center center","background-size":"auto","background-attachment":"scroll","background-type":"","background-media":"","overlay-type":"","overlay-color":"","overlay-opacity":"","overlay-gradient":""},"tablet":{"background-color":"var(--ast-global-color-5)","background-image":"","background-repeat":"repeat","background-position":"center center","background-size":"auto","background-attachment":"scroll","background-type":"","background-media":"","overlay-type":"","overlay-color":"","overlay-opacity":"","overlay-gradient":""},"mobile":{"background-color":"var(--ast-global-color-5)","background-image":"","background-repeat":"repeat","background-position":"center center","background-size":"auto","background-attachment":"scroll","background-type":"","background-media":"","overlay-type":"","overlay-color":"","overlay-opacity":"","overlay-gradient":""}}},"product_brand":[],"product_cat":[49,1297],"product_tag":[872,153,811,505,318,871,870,869,190],"class_list":{"0":"post-3179","1":"product","2":"type-product","3":"status-publish","4":"has-post-thumbnail","6":"product_cat-knallartikel","7":"product_cat-funke-boeller","8":"product_tag-boellerverkauf","9":"product_tag-feuerwerk-aschaffenburg","10":"product_tag-feuerwerk-wertheim","11":"product_tag-franken-feuerwerk","12":"product_tag-funke-boeller","13":"product_tag-funke-boeller-2","14":"product_tag-funke-boeller-sb-2","15":"product_tag-silvester-franken","16":"product_tag-silvesterverkauf","17":"desktop-align-left","18":"tablet-align-left","19":"mobile-align-left","21":"first","22":"instock","23":"shipping-taxable","24":"purchasable","25":"product-type-simple"},"jetpack_sharing_enabled":true,"_links":{"self":[{"href":"https:\/\/franken-feuerwerk.de\/index.php\/wp-json\/wp\/v2\/product\/3179","targetHints":{"allow":["GET"]}}],"collection":[{"href":"https:\/\/franken-feuerwerk.de\/index.php\/wp-json\/wp\/v2\/product"}],"about":[{"href":"https:\/\/franken-feuerwerk.de\/index.php\/wp-json\/wp\/v2\/types\/product"}],"wp:featuredmedia":[{"embeddable":true,"href":"https:\/\/franken-feuerwerk.de\/index.php\/wp-json\/wp\/v2\/media\/3180"}],"wp:attachment":[{"href":"https:\/\/franken-feuerwerk.de\/index.php\/wp-json\/wp\/v2\/media?parent=3179"}],"wp:term":[{"taxonomy":"product_brand","embeddable":true,"href":"https:\/\/franken-feuerwerk.de\/index.php\/wp-json\/wp\/v2\/product_brand?post=3179"},{"taxonomy":"product_cat","embeddable":true,"href":"https:\/\/franken-feuerwerk.de\/index.php\/wp-json\/wp\/v2\/product_cat?post=3179"},{"taxonomy":"product_tag","embeddable":true,"href":"https:\/\/franken-feuerwerk.de\/index.php\/wp-json\/wp\/v2\/product_tag?post=3179"}],"curies":[{"name":"wp","href":"https:\/\/api.w.org\/{rel}","templated":true}]}}