{"id":3371,"date":"2024-02-20T11:27:55","date_gmt":"2024-02-20T10:27:55","guid":{"rendered":"https:\/\/franken-feuerwerk.de\/?post_type=product&#038;p=3371"},"modified":"2026-02-05T11:03:35","modified_gmt":"2026-02-05T10:03:35","slug":"shred-it-showbox","status":"publish","type":"product","link":"https:\/\/franken-feuerwerk.de\/index.php\/produkt\/shred-it-showbox\/","title":{"rendered":"Shred It Showbox"},"content":{"rendered":"<p>Shred It Showbox, Schreddere die Stra\u00dfe mit diesem Doppelverbund. Der erste Verbund eine Sch\u00f6nheit 1. Klasse! Harte Chrysanthemen, leuchtende Blinker und Neonfarben erf\u00fcllen st\u00e4ndig die Luft. Der zweite Verbund geht noch einen Schritt weiter und schie\u00dft eine Reihe von professionell aussehenden Effekten mit den leuchtendsten Farben. Und das doppelte Finale ist mehr als Beifall w\u00fcrdig, was f\u00fcr ein FINALE!<br \/>\nBesteht aus 2 Verb\u00fcnden die noch miteinander verbunden werden m\u00fcssen, k\u00f6nnen aber auch einzeln gez\u00fcndet werden.<\/p>\n","protected":false},"excerpt":{"rendered":"<p>Shred It Showbox, Schreddere die Stra\u00dfe mit diesem Doppelverbund. Der erste Verbund eine Sch\u00f6nheit 1. Klasse! Harte Chrysanthemen, leuchtende Blinker und Neonfarben erf\u00fcllen st\u00e4ndig die Luft. Der zweite Verbund geht noch einen Schritt weiter und schie\u00dft eine Reihe von professionell aussehenden Effekten mit den leuchtendsten Farben. Und das doppelte Finale ist mehr als Beifall w\u00fcrdig, [&hellip;]<\/p>\n","protected":false},"featured_media":3372,"template":"","meta":{"site-sidebar-layout":"default","site-content-layout":"","ast-site-content-layout":"default","site-content-style":"default","site-sidebar-style":"default","ast-global-header-display":"","ast-banner-title-visibility":"","ast-main-header-display":"","ast-hfb-above-header-display":"","ast-hfb-below-header-display":"","ast-hfb-mobile-header-display":"","site-post-title":"","ast-breadcrumbs-content":"","ast-featured-img":"","footer-sml-layout":"","ast-disable-related-posts":"","theme-transparent-header-meta":"default","adv-header-id-meta":"","stick-header-meta":"","header-above-stick-meta":"","header-main-stick-meta":"","header-below-stick-meta":"","astra-migrate-meta-layouts":"set","ast-page-background-enabled":"default","ast-page-background-meta":{"desktop":{"background-color":"var(--ast-global-color-4)","background-image":"","background-repeat":"repeat","background-position":"center center","background-size":"auto","background-attachment":"scroll","background-type":"","background-media":"","overlay-type":"","overlay-color":"","overlay-opacity":"","overlay-gradient":""},"tablet":{"background-color":"","background-image":"","background-repeat":"repeat","background-position":"center center","background-size":"auto","background-attachment":"scroll","background-type":"","background-media":"","overlay-type":"","overlay-color":"","overlay-opacity":"","overlay-gradient":""},"mobile":{"background-color":"","background-image":"","background-repeat":"repeat","background-position":"center center","background-size":"auto","background-attachment":"scroll","background-type":"","background-media":"","overlay-type":"","overlay-color":"","overlay-opacity":"","overlay-gradient":""}},"ast-content-background-meta":{"desktop":{"background-color":"var(--ast-global-color-5)","background-image":"","background-repeat":"repeat","background-position":"center center","background-size":"auto","background-attachment":"scroll","background-type":"","background-media":"","overlay-type":"","overlay-color":"","overlay-opacity":"","overlay-gradient":""},"tablet":{"background-color":"var(--ast-global-color-5)","background-image":"","background-repeat":"repeat","background-position":"center center","background-size":"auto","background-attachment":"scroll","background-type":"","background-media":"","overlay-type":"","overlay-color":"","overlay-opacity":"","overlay-gradient":""},"mobile":{"background-color":"var(--ast-global-color-5)","background-image":"","background-repeat":"repeat","background-position":"center center","background-size":"auto","background-attachment":"scroll","background-type":"","background-media":"","overlay-type":"","overlay-color":"","overlay-opacity":"","overlay-gradient":""}}},"product_brand":[],"product_cat":[588,617,620,43,618],"product_tag":[894,946,317,162,508,947,849,89,945],"class_list":{"0":"post-3371","1":"product","2":"type-product","3":"status-publish","4":"has-post-thumbnail","6":"product_cat-marke","7":"product_cat-lesli-marke","8":"product_cat-lesli-verbundfeuerwerk","9":"product_cat-verbundfeuerwerk","10":"product_cat-verbundfeuerwerk-lesli-marke","11":"product_tag-boeller-kaufen","12":"product_tag-feuerwerk-aschaffenbrug","13":"product_tag-feuerwerk-buchen","14":"product_tag-feuerwerk-erbach","15":"product_tag-feuerwerk-kaufen","16":"product_tag-feuerwerk-wallduern","17":"product_tag-feuerwerk-wuerzburg","18":"product_tag-lesli-verbund","19":"product_tag-shred-it","20":"desktop-align-left","21":"tablet-align-left","22":"mobile-align-left","24":"first","25":"instock","26":"shipping-taxable","27":"purchasable","28":"product-type-simple"},"jetpack_sharing_enabled":true,"_links":{"self":[{"href":"https:\/\/franken-feuerwerk.de\/index.php\/wp-json\/wp\/v2\/product\/3371","targetHints":{"allow":["GET"]}}],"collection":[{"href":"https:\/\/franken-feuerwerk.de\/index.php\/wp-json\/wp\/v2\/product"}],"about":[{"href":"https:\/\/franken-feuerwerk.de\/index.php\/wp-json\/wp\/v2\/types\/product"}],"wp:featuredmedia":[{"embeddable":true,"href":"https:\/\/franken-feuerwerk.de\/index.php\/wp-json\/wp\/v2\/media\/3372"}],"wp:attachment":[{"href":"https:\/\/franken-feuerwerk.de\/index.php\/wp-json\/wp\/v2\/media?parent=3371"}],"wp:term":[{"taxonomy":"product_brand","embeddable":true,"href":"https:\/\/franken-feuerwerk.de\/index.php\/wp-json\/wp\/v2\/product_brand?post=3371"},{"taxonomy":"product_cat","embeddable":true,"href":"https:\/\/franken-feuerwerk.de\/index.php\/wp-json\/wp\/v2\/product_cat?post=3371"},{"taxonomy":"product_tag","embeddable":true,"href":"https:\/\/franken-feuerwerk.de\/index.php\/wp-json\/wp\/v2\/product_tag?post=3371"}],"curies":[{"name":"wp","href":"https:\/\/api.w.org\/{rel}","templated":true}]}}