{"id":3388,"date":"2024-02-23T16:01:15","date_gmt":"2024-02-23T15:01:15","guid":{"rendered":"https:\/\/franken-feuerwerk.de\/?post_type=product&#038;p=3388"},"modified":"2026-02-09T16:52:59","modified_gmt":"2026-02-09T15:52:59","slug":"knallfroesche-kaliber-c","status":"publish","type":"product","link":"https:\/\/franken-feuerwerk.de\/index.php\/produkt\/knallfroesche-kaliber-c\/","title":{"rendered":"Knallfr\u00f6sche Kaliber C"},"content":{"rendered":"<p>Knallfr\u00f6sche Kaliber C, Knallfr\u00f6sche nach traditioneller chinesischer Bauart im Kaliber C, d.h. 9 Windungen. Verpackt in einer 4er Schachtel. <\/p>\n","protected":false},"excerpt":{"rendered":"<p>Knallfr\u00f6sche Kaliber C, Knallfr\u00f6sche nach traditioneller chinesischer Bauart im Kaliber C, d.h. 9 Windungen. Verpackt in einer 4er Schachtel.<\/p>\n","protected":false},"featured_media":3389,"template":"","meta":{"site-sidebar-layout":"default","site-content-layout":"","ast-site-content-layout":"default","site-content-style":"default","site-sidebar-style":"default","ast-global-header-display":"","ast-banner-title-visibility":"","ast-main-header-display":"","ast-hfb-above-header-display":"","ast-hfb-below-header-display":"","ast-hfb-mobile-header-display":"","site-post-title":"","ast-breadcrumbs-content":"","ast-featured-img":"","footer-sml-layout":"","ast-disable-related-posts":"","theme-transparent-header-meta":"default","adv-header-id-meta":"","stick-header-meta":"","header-above-stick-meta":"","header-main-stick-meta":"","header-below-stick-meta":"","astra-migrate-meta-layouts":"set","ast-page-background-enabled":"default","ast-page-background-meta":{"desktop":{"background-color":"var(--ast-global-color-4)","background-image":"","background-repeat":"repeat","background-position":"center center","background-size":"auto","background-attachment":"scroll","background-type":"","background-media":"","overlay-type":"","overlay-color":"","overlay-opacity":"","overlay-gradient":""},"tablet":{"background-color":"","background-image":"","background-repeat":"repeat","background-position":"center center","background-size":"auto","background-attachment":"scroll","background-type":"","background-media":"","overlay-type":"","overlay-color":"","overlay-opacity":"","overlay-gradient":""},"mobile":{"background-color":"","background-image":"","background-repeat":"repeat","background-position":"center center","background-size":"auto","background-attachment":"scroll","background-type":"","background-media":"","overlay-type":"","overlay-color":"","overlay-opacity":"","overlay-gradient":""}},"ast-content-background-meta":{"desktop":{"background-color":"var(--ast-global-color-5)","background-image":"","background-repeat":"repeat","background-position":"center center","background-size":"auto","background-attachment":"scroll","background-type":"","background-media":"","overlay-type":"","overlay-color":"","overlay-opacity":"","overlay-gradient":""},"tablet":{"background-color":"var(--ast-global-color-5)","background-image":"","background-repeat":"repeat","background-position":"center center","background-size":"auto","background-attachment":"scroll","background-type":"","background-media":"","overlay-type":"","overlay-color":"","overlay-opacity":"","overlay-gradient":""},"mobile":{"background-color":"var(--ast-global-color-5)","background-image":"","background-repeat":"repeat","background-position":"center center","background-size":"auto","background-attachment":"scroll","background-type":"","background-media":"","overlay-type":"","overlay-color":"","overlay-opacity":"","overlay-gradient":""}}},"product_brand":[],"product_cat":[49,1297],"product_tag":[203,894,787,505,318,270,952],"class_list":{"0":"post-3388","1":"product","2":"type-product","3":"status-publish","4":"has-post-thumbnail","6":"product_cat-knallartikel","7":"product_cat-funke-boeller","8":"product_tag-boeller","9":"product_tag-boeller-kaufen","10":"product_tag-franken-pyro","11":"product_tag-franken-feuerwerk","12":"product_tag-funke-boeller","13":"product_tag-funke-feuerwerk","14":"product_tag-knallfroesche","15":"desktop-align-left","16":"tablet-align-left","17":"mobile-align-left","19":"first","20":"instock","21":"shipping-taxable","22":"purchasable","23":"product-type-simple"},"jetpack_sharing_enabled":true,"_links":{"self":[{"href":"https:\/\/franken-feuerwerk.de\/index.php\/wp-json\/wp\/v2\/product\/3388","targetHints":{"allow":["GET"]}}],"collection":[{"href":"https:\/\/franken-feuerwerk.de\/index.php\/wp-json\/wp\/v2\/product"}],"about":[{"href":"https:\/\/franken-feuerwerk.de\/index.php\/wp-json\/wp\/v2\/types\/product"}],"wp:featuredmedia":[{"embeddable":true,"href":"https:\/\/franken-feuerwerk.de\/index.php\/wp-json\/wp\/v2\/media\/3389"}],"wp:attachment":[{"href":"https:\/\/franken-feuerwerk.de\/index.php\/wp-json\/wp\/v2\/media?parent=3388"}],"wp:term":[{"taxonomy":"product_brand","embeddable":true,"href":"https:\/\/franken-feuerwerk.de\/index.php\/wp-json\/wp\/v2\/product_brand?post=3388"},{"taxonomy":"product_cat","embeddable":true,"href":"https:\/\/franken-feuerwerk.de\/index.php\/wp-json\/wp\/v2\/product_cat?post=3388"},{"taxonomy":"product_tag","embeddable":true,"href":"https:\/\/franken-feuerwerk.de\/index.php\/wp-json\/wp\/v2\/product_tag?post=3388"}],"curies":[{"name":"wp","href":"https:\/\/api.w.org\/{rel}","templated":true}]}}