{"id":3407,"date":"2024-05-06T16:04:39","date_gmt":"2024-05-06T15:04:39","guid":{"rendered":"https:\/\/franken-feuerwerk.de\/?post_type=product&#038;p=3407"},"modified":"2025-09-26T15:18:17","modified_gmt":"2025-09-26T14:18:17","slug":"spectakularis-no-3","status":"publish","type":"product","link":"https:\/\/franken-feuerwerk.de\/index.php\/produkt\/spectakularis-no-3\/","title":{"rendered":"Spectakularis No. 3"},"content":{"rendered":"<p>Spectakularis No. 3<br \/>\nMega-Compound, bestehend aus 2 hochkar\u00e4tigen Verbundfeuerwerken im W-F\u00e4cher und mit folgender Effektperformance:<\/p>\n<p>Teil A:<br \/>\n1. blauer Feuertopf und Goldflimmerschweif zu Brokat-Wasserfall + Rotflimmer Feuertopf und Goldflimmerschweif zu blauer P\u00e4onie mit Rotblinker.<br \/>\n2. Goldflimmerschweif zu Goldpalme + Gr\u00fcnflimmerschweif zu Gr\u00fcn Strobe.<br \/>\n3. Goldflimmer Feuertopf und Cracklingschweif zu roter Dahlie mit Silberflimmer + Goldflimmer Feuertopf mit Cracklingschweif zu blauer P\u00e4onie mit Silberblinker.<\/p>\n<p>Teil B:<br \/>\n1. Gr\u00fcnflimmerschweif zu Goldpalme mit Gr\u00fcnblinker u. Purpur Sterne + Goldflimmerschweif zu Silberpalme mit Goldflimmer.<br \/>\n2. Crackling Feuertopf mit Titanschweif zu Silberpalme mit Purpur Blinker + Crackling Feuertopf mit Titanschweif zu Crackling Flowers.<br \/>\n3. Rotflimmerschweif zu Rotflimmer mit blauen Sternen + Goldflimmerschweif zu Goldflimmer mit Dahlie in Aqua-Blau.<br \/>\n4. Brokatflimmerschweif zu Brokatflimmer-Krone mit Rotflimmer in rasanter Schussfolge.<\/p>\n","protected":false},"excerpt":{"rendered":"<p>Spectakularis No. 3 Mega-Compound, bestehend aus 2 hochkar\u00e4tigen Verbundfeuerwerken im W-F\u00e4cher und mit folgender Effektperformance: Teil A: 1. blauer Feuertopf und Goldflimmerschweif zu Brokat-Wasserfall + Rotflimmer Feuertopf und Goldflimmerschweif zu blauer P\u00e4onie mit Rotblinker. 2. Goldflimmerschweif zu Goldpalme + Gr\u00fcnflimmerschweif zu Gr\u00fcn Strobe. 3. Goldflimmer Feuertopf und Cracklingschweif zu roter Dahlie mit Silberflimmer + Goldflimmer [&hellip;]<\/p>\n","protected":false},"featured_media":3408,"template":"","meta":{"site-sidebar-layout":"default","site-content-layout":"","ast-site-content-layout":"default","site-content-style":"default","site-sidebar-style":"default","ast-global-header-display":"","ast-banner-title-visibility":"","ast-main-header-display":"","ast-hfb-above-header-display":"","ast-hfb-below-header-display":"","ast-hfb-mobile-header-display":"","site-post-title":"","ast-breadcrumbs-content":"","ast-featured-img":"","footer-sml-layout":"","ast-disable-related-posts":"","theme-transparent-header-meta":"default","adv-header-id-meta":"","stick-header-meta":"","header-above-stick-meta":"","header-main-stick-meta":"","header-below-stick-meta":"","astra-migrate-meta-layouts":"set","ast-page-background-enabled":"default","ast-page-background-meta":{"desktop":{"background-color":"var(--ast-global-color-4)","background-image":"","background-repeat":"repeat","background-position":"center center","background-size":"auto","background-attachment":"scroll","background-type":"","background-media":"","overlay-type":"","overlay-color":"","overlay-opacity":"","overlay-gradient":""},"tablet":{"background-color":"","background-image":"","background-repeat":"repeat","background-position":"center center","background-size":"auto","background-attachment":"scroll","background-type":"","background-media":"","overlay-type":"","overlay-color":"","overlay-opacity":"","overlay-gradient":""},"mobile":{"background-color":"","background-image":"","background-repeat":"repeat","background-position":"center center","background-size":"auto","background-attachment":"scroll","background-type":"","background-media":"","overlay-type":"","overlay-color":"","overlay-opacity":"","overlay-gradient":""}},"ast-content-background-meta":{"desktop":{"background-color":"var(--ast-global-color-5)","background-image":"","background-repeat":"repeat","background-position":"center center","background-size":"auto","background-attachment":"scroll","background-type":"","background-media":"","overlay-type":"","overlay-color":"","overlay-opacity":"","overlay-gradient":""},"tablet":{"background-color":"var(--ast-global-color-5)","background-image":"","background-repeat":"repeat","background-position":"center center","background-size":"auto","background-attachment":"scroll","background-type":"","background-media":"","overlay-type":"","overlay-color":"","overlay-opacity":"","overlay-gradient":""},"mobile":{"background-color":"var(--ast-global-color-5)","background-image":"","background-repeat":"repeat","background-position":"center center","background-size":"auto","background-attachment":"scroll","background-type":"","background-media":"","overlay-type":"","overlay-color":"","overlay-opacity":"","overlay-gradient":""}}},"product_brand":[],"product_cat":[588,581,592,43,593],"product_tag":[963,153,162,164,965,964],"class_list":{"0":"post-3407","1":"product","2":"type-product","3":"status-publish","4":"has-post-thumbnail","6":"product_cat-marke","7":"product_cat-blackboxx-verbundfeuerwerk-2","8":"product_cat-blackboxx-marke","9":"product_cat-verbundfeuerwerk","10":"product_cat-verbundfeuerwerk-blackboxx-marke","11":"product_tag-blackboxx-verbund","12":"product_tag-feuerwerk-aschaffenburg","13":"product_tag-feuerwerk-erbach","14":"product_tag-feuerwerk-miltenberg","15":"product_tag-fraken-pyro-franken-feuerwerk","16":"product_tag-spectakularis-no-3","17":"desktop-align-left","18":"tablet-align-left","19":"mobile-align-left","21":"first","22":"instock","23":"shipping-taxable","24":"purchasable","25":"product-type-simple"},"jetpack_sharing_enabled":true,"_links":{"self":[{"href":"https:\/\/franken-feuerwerk.de\/index.php\/wp-json\/wp\/v2\/product\/3407","targetHints":{"allow":["GET"]}}],"collection":[{"href":"https:\/\/franken-feuerwerk.de\/index.php\/wp-json\/wp\/v2\/product"}],"about":[{"href":"https:\/\/franken-feuerwerk.de\/index.php\/wp-json\/wp\/v2\/types\/product"}],"wp:featuredmedia":[{"embeddable":true,"href":"https:\/\/franken-feuerwerk.de\/index.php\/wp-json\/wp\/v2\/media\/3408"}],"wp:attachment":[{"href":"https:\/\/franken-feuerwerk.de\/index.php\/wp-json\/wp\/v2\/media?parent=3407"}],"wp:term":[{"taxonomy":"product_brand","embeddable":true,"href":"https:\/\/franken-feuerwerk.de\/index.php\/wp-json\/wp\/v2\/product_brand?post=3407"},{"taxonomy":"product_cat","embeddable":true,"href":"https:\/\/franken-feuerwerk.de\/index.php\/wp-json\/wp\/v2\/product_cat?post=3407"},{"taxonomy":"product_tag","embeddable":true,"href":"https:\/\/franken-feuerwerk.de\/index.php\/wp-json\/wp\/v2\/product_tag?post=3407"}],"curies":[{"name":"wp","href":"https:\/\/api.w.org\/{rel}","templated":true}]}}