{"id":3598,"date":"2024-11-01T12:32:12","date_gmt":"2024-11-01T11:32:12","guid":{"rendered":"https:\/\/franken-feuerwerk.de\/?post_type=product&#038;p=3598"},"modified":"2025-11-10T15:22:10","modified_gmt":"2025-11-10T14:22:10","slug":"chamaeleon","status":"publish","type":"product","link":"https:\/\/franken-feuerwerk.de\/index.php\/produkt\/chamaeleon\/","title":{"rendered":"Cham\u00e4leon"},"content":{"rendered":"<p>Cham\u00e4leon, Cham\u00e4leon aus der R\u00f6der Feuerwerk Serie ist eine Premium-Feuertopfbatterie mit 25 Schuss Kaliber 30mm mit 500g Effektsatz. Beim Cham\u00e4leon werden immer 4 Schuss als gef\u00e4cherte Salve mit Farbwechselsternen von Blau zu Rot, Blau zu Gr\u00fcn und Blau zu Purpur abgefeuert.<\/p>\n","protected":false},"excerpt":{"rendered":"<p>Cham\u00e4leon, Cham\u00e4leon aus der R\u00f6der Feuerwerk Serie ist eine Premium-Feuertopfbatterie mit 25 Schuss Kaliber 30mm mit 500g Effektsatz. Beim Cham\u00e4leon werden immer 4 Schuss als gef\u00e4cherte Salve mit Farbwechselsternen von Blau zu Rot, Blau zu Gr\u00fcn und Blau zu Purpur abgefeuert.<\/p>\n","protected":false},"featured_media":3599,"template":"","meta":{"site-sidebar-layout":"default","site-content-layout":"","ast-site-content-layout":"default","site-content-style":"default","site-sidebar-style":"default","ast-global-header-display":"","ast-banner-title-visibility":"","ast-main-header-display":"","ast-hfb-above-header-display":"","ast-hfb-below-header-display":"","ast-hfb-mobile-header-display":"","site-post-title":"","ast-breadcrumbs-content":"","ast-featured-img":"","footer-sml-layout":"","ast-disable-related-posts":"","theme-transparent-header-meta":"default","adv-header-id-meta":"","stick-header-meta":"","header-above-stick-meta":"","header-main-stick-meta":"","header-below-stick-meta":"","astra-migrate-meta-layouts":"set","ast-page-background-enabled":"default","ast-page-background-meta":{"desktop":{"background-color":"var(--ast-global-color-4)","background-image":"","background-repeat":"repeat","background-position":"center center","background-size":"auto","background-attachment":"scroll","background-type":"","background-media":"","overlay-type":"","overlay-color":"","overlay-opacity":"","overlay-gradient":""},"tablet":{"background-color":"","background-image":"","background-repeat":"repeat","background-position":"center center","background-size":"auto","background-attachment":"scroll","background-type":"","background-media":"","overlay-type":"","overlay-color":"","overlay-opacity":"","overlay-gradient":""},"mobile":{"background-color":"","background-image":"","background-repeat":"repeat","background-position":"center center","background-size":"auto","background-attachment":"scroll","background-type":"","background-media":"","overlay-type":"","overlay-color":"","overlay-opacity":"","overlay-gradient":""}},"ast-content-background-meta":{"desktop":{"background-color":"var(--ast-global-color-5)","background-image":"","background-repeat":"repeat","background-position":"center center","background-size":"auto","background-attachment":"scroll","background-type":"","background-media":"","overlay-type":"","overlay-color":"","overlay-opacity":"","overlay-gradient":""},"tablet":{"background-color":"var(--ast-global-color-5)","background-image":"","background-repeat":"repeat","background-position":"center center","background-size":"auto","background-attachment":"scroll","background-type":"","background-media":"","overlay-type":"","overlay-color":"","overlay-opacity":"","overlay-gradient":""},"mobile":{"background-color":"var(--ast-global-color-5)","background-image":"","background-repeat":"repeat","background-position":"center center","background-size":"auto","background-attachment":"scroll","background-type":"","background-media":"","overlay-type":"","overlay-color":"","overlay-opacity":"","overlay-gradient":""}}},"product_brand":[],"product_cat":[588,21,1079,1081,1052,1080,47],"product_tag":[505,1050,1049],"class_list":{"0":"post-3598","1":"product","2":"type-product","3":"status-publish","4":"has-post-thumbnail","6":"product_cat-marke","7":"product_cat-batterien","8":"product_cat-batterien-roeder","9":"product_cat-faecherbatterien","10":"product_cat-roeder","11":"product_cat-roeder-batterien","12":"product_cat-stilles-feuerwerk","13":"product_tag-franken-feuerwerk","14":"product_tag-riakeo-batterien","15":"product_tag-riakeo-chamaeleon","16":"desktop-align-left","17":"tablet-align-left","18":"mobile-align-left","20":"first","21":"instock","22":"shipping-taxable","23":"purchasable","24":"product-type-simple"},"jetpack_sharing_enabled":true,"_links":{"self":[{"href":"https:\/\/franken-feuerwerk.de\/index.php\/wp-json\/wp\/v2\/product\/3598","targetHints":{"allow":["GET"]}}],"collection":[{"href":"https:\/\/franken-feuerwerk.de\/index.php\/wp-json\/wp\/v2\/product"}],"about":[{"href":"https:\/\/franken-feuerwerk.de\/index.php\/wp-json\/wp\/v2\/types\/product"}],"wp:featuredmedia":[{"embeddable":true,"href":"https:\/\/franken-feuerwerk.de\/index.php\/wp-json\/wp\/v2\/media\/3599"}],"wp:attachment":[{"href":"https:\/\/franken-feuerwerk.de\/index.php\/wp-json\/wp\/v2\/media?parent=3598"}],"wp:term":[{"taxonomy":"product_brand","embeddable":true,"href":"https:\/\/franken-feuerwerk.de\/index.php\/wp-json\/wp\/v2\/product_brand?post=3598"},{"taxonomy":"product_cat","embeddable":true,"href":"https:\/\/franken-feuerwerk.de\/index.php\/wp-json\/wp\/v2\/product_cat?post=3598"},{"taxonomy":"product_tag","embeddable":true,"href":"https:\/\/franken-feuerwerk.de\/index.php\/wp-json\/wp\/v2\/product_tag?post=3598"}],"curies":[{"name":"wp","href":"https:\/\/api.w.org\/{rel}","templated":true}]}}