{"id":3775,"date":"2025-05-03T12:09:28","date_gmt":"2025-05-03T11:09:28","guid":{"rendered":"https:\/\/franken-feuerwerk.de\/?post_type=product&#038;p=3775"},"modified":"2026-02-11T11:48:17","modified_gmt":"2026-02-11T10:48:17","slug":"fontana-di-trevi","status":"publish","type":"product","link":"https:\/\/franken-feuerwerk.de\/index.php\/produkt\/fontana-di-trevi\/","title":{"rendered":"Fontana di Trevi"},"content":{"rendered":"<p>Fontana di Trevi, La dolce vita trifft auf pure Feuerwerkskunst! Mit der FONTANA DI TREVI entdecken Sie einen Hauch italienischer Eleganz \u2013 ein wahres Kunstwerk aus Feuer und Bewegung! Der wundersch\u00f6ne, sich drehende Springbrunnen mit 8 Br\u00e4ndern.<\/p>\n<p>Phase 1: Die Show beginnt mit rotierenden Effekten, begleitet von zwei silbernen Titan-Bl\u00fcten-Font\u00e4nen.<br \/>\nPhase 2: Im Zentrum erhebt sich eine t\u00e4nzelnde Silber-Glitzer-Font\u00e4ne, untermalt von knisterndem Crackling \u2013 ein funkelndes Spiel, das an Sonnenstrahlen im Wasser erinnert.<br \/>\nPhase 3: Dann \u00f6ffnet sich die Batterie wie ein Kunstwerk, und der Brunnen beginnt erneut zu rotieren: silberne Schweif-Font\u00e4nen spr\u00fchen in alle Richtungen, w\u00e4hrend die zentrale Titan-Bl\u00fcten-Font\u00e4ne mit gelber Flamme das Finale einl\u00e4utet, das so \u00fcberraschend und lebendig ist wie das Treiben auf der Piazza Trevi<\/p>\n","protected":false},"excerpt":{"rendered":"<p>Fontana di Trevi, La dolce vita trifft auf pure Feuerwerkskunst! Mit der FONTANA DI TREVI entdecken Sie einen Hauch italienischer Eleganz \u2013 ein wahres Kunstwerk aus Feuer und Bewegung! Der wundersch\u00f6ne, sich drehende Springbrunnen mit 8 Br\u00e4ndern. Phase 1: Die Show beginnt mit rotierenden Effekten, begleitet von zwei silbernen Titan-Bl\u00fcten-Font\u00e4nen. Phase 2: Im Zentrum erhebt [&hellip;]<\/p>\n","protected":false},"featured_media":3776,"template":"","meta":{"site-sidebar-layout":"default","site-content-layout":"","ast-site-content-layout":"default","site-content-style":"default","site-sidebar-style":"default","ast-global-header-display":"","ast-banner-title-visibility":"","ast-main-header-display":"","ast-hfb-above-header-display":"","ast-hfb-below-header-display":"","ast-hfb-mobile-header-display":"","site-post-title":"","ast-breadcrumbs-content":"","ast-featured-img":"","footer-sml-layout":"","ast-disable-related-posts":"","theme-transparent-header-meta":"default","adv-header-id-meta":"","stick-header-meta":"","header-above-stick-meta":"","header-main-stick-meta":"","header-below-stick-meta":"","astra-migrate-meta-layouts":"set","ast-page-background-enabled":"default","ast-page-background-meta":{"desktop":{"background-color":"var(--ast-global-color-4)","background-image":"","background-repeat":"repeat","background-position":"center center","background-size":"auto","background-attachment":"scroll","background-type":"","background-media":"","overlay-type":"","overlay-color":"","overlay-opacity":"","overlay-gradient":""},"tablet":{"background-color":"","background-image":"","background-repeat":"repeat","background-position":"center center","background-size":"auto","background-attachment":"scroll","background-type":"","background-media":"","overlay-type":"","overlay-color":"","overlay-opacity":"","overlay-gradient":""},"mobile":{"background-color":"","background-image":"","background-repeat":"repeat","background-position":"center center","background-size":"auto","background-attachment":"scroll","background-type":"","background-media":"","overlay-type":"","overlay-color":"","overlay-opacity":"","overlay-gradient":""}},"ast-content-background-meta":{"desktop":{"background-color":"var(--ast-global-color-5)","background-image":"","background-repeat":"repeat","background-position":"center center","background-size":"auto","background-attachment":"scroll","background-type":"","background-media":"","overlay-type":"","overlay-color":"","overlay-opacity":"","overlay-gradient":""},"tablet":{"background-color":"var(--ast-global-color-5)","background-image":"","background-repeat":"repeat","background-position":"center center","background-size":"auto","background-attachment":"scroll","background-type":"","background-media":"","overlay-type":"","overlay-color":"","overlay-opacity":"","overlay-gradient":""},"mobile":{"background-color":"var(--ast-global-color-5)","background-image":"","background-repeat":"repeat","background-position":"center center","background-size":"auto","background-attachment":"scroll","background-type":"","background-media":"","overlay-type":"","overlay-color":"","overlay-opacity":"","overlay-gradient":""}}},"product_brand":[],"product_cat":[38],"product_tag":[317,162,734,721,947,1086,752,231],"class_list":{"0":"post-3775","1":"product","2":"type-product","3":"status-publish","4":"has-post-thumbnail","6":"product_cat-leuchtfeuerwerk","7":"product_tag-feuerwerk-buchen","8":"product_tag-feuerwerk-erbach","9":"product_tag-feuerwerk-michelstadt","10":"product_tag-feuerwerk-umpfenbach","11":"product_tag-feuerwerk-wallduern","12":"product_tag-fontana-di-trevi","13":"product_tag-fontaene","14":"product_tag-vulkan","15":"desktop-align-left","16":"tablet-align-left","17":"mobile-align-left","19":"first","20":"instock","21":"shipping-taxable","22":"purchasable","23":"product-type-simple"},"jetpack_sharing_enabled":true,"_links":{"self":[{"href":"https:\/\/franken-feuerwerk.de\/index.php\/wp-json\/wp\/v2\/product\/3775","targetHints":{"allow":["GET"]}}],"collection":[{"href":"https:\/\/franken-feuerwerk.de\/index.php\/wp-json\/wp\/v2\/product"}],"about":[{"href":"https:\/\/franken-feuerwerk.de\/index.php\/wp-json\/wp\/v2\/types\/product"}],"wp:featuredmedia":[{"embeddable":true,"href":"https:\/\/franken-feuerwerk.de\/index.php\/wp-json\/wp\/v2\/media\/3776"}],"wp:attachment":[{"href":"https:\/\/franken-feuerwerk.de\/index.php\/wp-json\/wp\/v2\/media?parent=3775"}],"wp:term":[{"taxonomy":"product_brand","embeddable":true,"href":"https:\/\/franken-feuerwerk.de\/index.php\/wp-json\/wp\/v2\/product_brand?post=3775"},{"taxonomy":"product_cat","embeddable":true,"href":"https:\/\/franken-feuerwerk.de\/index.php\/wp-json\/wp\/v2\/product_cat?post=3775"},{"taxonomy":"product_tag","embeddable":true,"href":"https:\/\/franken-feuerwerk.de\/index.php\/wp-json\/wp\/v2\/product_tag?post=3775"}],"curies":[{"name":"wp","href":"https:\/\/api.w.org\/{rel}","templated":true}]}}