{"id":3792,"date":"2025-05-16T10:09:34","date_gmt":"2025-05-16T09:09:34","guid":{"rendered":"https:\/\/franken-feuerwerk.de\/?post_type=product&#038;p=3792"},"modified":"2026-02-11T11:47:14","modified_gmt":"2026-02-11T10:47:14","slug":"killer-coyote","status":"publish","type":"product","link":"https:\/\/franken-feuerwerk.de\/index.php\/produkt\/killer-coyote\/","title":{"rendered":"Killer Coyote"},"content":{"rendered":"<p>Killer Coyote, Dieser Coyote l\u00e4sst sich nicht streicheln. Die tiefsten Blaut\u00f6ne und die sch\u00f6nsten Rott\u00f6ne lassen sich, gefolgt von wundersch\u00f6nen Goldt\u00f6nen, in die Luft schie\u00dfen. Genie\u00dfe 108 Sch\u00fcsse die deine Augen leuchten lassen. Dieser 30-mm-Verbund mit F\u00e4chern bei\u00dft hart zu und l\u00e4sst nichts von der Konkurrenz \u00fcbrig.<\/p>\n","protected":false},"excerpt":{"rendered":"<p>Killer Coyote, Dieser Coyote l\u00e4sst sich nicht streicheln. Die tiefsten Blaut\u00f6ne und die sch\u00f6nsten Rott\u00f6ne lassen sich, gefolgt von wundersch\u00f6nen Goldt\u00f6nen, in die Luft schie\u00dfen. Genie\u00dfe 108 Sch\u00fcsse die deine Augen leuchten lassen. Dieser 30-mm-Verbund mit F\u00e4chern bei\u00dft hart zu und l\u00e4sst nichts von der Konkurrenz \u00fcbrig.<\/p>\n","protected":false},"featured_media":3793,"template":"","meta":{"site-sidebar-layout":"default","site-content-layout":"","ast-site-content-layout":"default","site-content-style":"default","site-sidebar-style":"default","ast-global-header-display":"","ast-banner-title-visibility":"","ast-main-header-display":"","ast-hfb-above-header-display":"","ast-hfb-below-header-display":"","ast-hfb-mobile-header-display":"","site-post-title":"","ast-breadcrumbs-content":"","ast-featured-img":"","footer-sml-layout":"","ast-disable-related-posts":"","theme-transparent-header-meta":"default","adv-header-id-meta":"","stick-header-meta":"","header-above-stick-meta":"","header-main-stick-meta":"","header-below-stick-meta":"","astra-migrate-meta-layouts":"set","ast-page-background-enabled":"default","ast-page-background-meta":{"desktop":{"background-color":"var(--ast-global-color-4)","background-image":"","background-repeat":"repeat","background-position":"center center","background-size":"auto","background-attachment":"scroll","background-type":"","background-media":"","overlay-type":"","overlay-color":"","overlay-opacity":"","overlay-gradient":""},"tablet":{"background-color":"","background-image":"","background-repeat":"repeat","background-position":"center center","background-size":"auto","background-attachment":"scroll","background-type":"","background-media":"","overlay-type":"","overlay-color":"","overlay-opacity":"","overlay-gradient":""},"mobile":{"background-color":"","background-image":"","background-repeat":"repeat","background-position":"center center","background-size":"auto","background-attachment":"scroll","background-type":"","background-media":"","overlay-type":"","overlay-color":"","overlay-opacity":"","overlay-gradient":""}},"ast-content-background-meta":{"desktop":{"background-color":"var(--ast-global-color-5)","background-image":"","background-repeat":"repeat","background-position":"center center","background-size":"auto","background-attachment":"scroll","background-type":"","background-media":"","overlay-type":"","overlay-color":"","overlay-opacity":"","overlay-gradient":""},"tablet":{"background-color":"var(--ast-global-color-5)","background-image":"","background-repeat":"repeat","background-position":"center center","background-size":"auto","background-attachment":"scroll","background-type":"","background-media":"","overlay-type":"","overlay-color":"","overlay-opacity":"","overlay-gradient":""},"mobile":{"background-color":"var(--ast-global-color-5)","background-image":"","background-repeat":"repeat","background-position":"center center","background-size":"auto","background-attachment":"scroll","background-type":"","background-media":"","overlay-type":"","overlay-color":"","overlay-opacity":"","overlay-gradient":""}}},"product_brand":[],"product_cat":[1081,617,620,588,43,618],"product_tag":[186,317,721,787,505,1098],"class_list":{"0":"post-3792","1":"product","2":"type-product","3":"status-publish","4":"has-post-thumbnail","6":"product_cat-faecherbatterien","7":"product_cat-lesli-marke","8":"product_cat-lesli-verbundfeuerwerk","9":"product_cat-marke","10":"product_cat-verbundfeuerwerk","11":"product_cat-verbundfeuerwerk-lesli-marke","12":"product_tag-faecherbatterie","13":"product_tag-feuerwerk-buchen","14":"product_tag-feuerwerk-umpfenbach","15":"product_tag-franken-pyro","16":"product_tag-franken-feuerwerk","17":"product_tag-killer-coyote","18":"desktop-align-left","19":"tablet-align-left","20":"mobile-align-left","22":"first","23":"instock","24":"shipping-taxable","25":"purchasable","26":"product-type-simple"},"jetpack_sharing_enabled":true,"_links":{"self":[{"href":"https:\/\/franken-feuerwerk.de\/index.php\/wp-json\/wp\/v2\/product\/3792","targetHints":{"allow":["GET"]}}],"collection":[{"href":"https:\/\/franken-feuerwerk.de\/index.php\/wp-json\/wp\/v2\/product"}],"about":[{"href":"https:\/\/franken-feuerwerk.de\/index.php\/wp-json\/wp\/v2\/types\/product"}],"wp:featuredmedia":[{"embeddable":true,"href":"https:\/\/franken-feuerwerk.de\/index.php\/wp-json\/wp\/v2\/media\/3793"}],"wp:attachment":[{"href":"https:\/\/franken-feuerwerk.de\/index.php\/wp-json\/wp\/v2\/media?parent=3792"}],"wp:term":[{"taxonomy":"product_brand","embeddable":true,"href":"https:\/\/franken-feuerwerk.de\/index.php\/wp-json\/wp\/v2\/product_brand?post=3792"},{"taxonomy":"product_cat","embeddable":true,"href":"https:\/\/franken-feuerwerk.de\/index.php\/wp-json\/wp\/v2\/product_cat?post=3792"},{"taxonomy":"product_tag","embeddable":true,"href":"https:\/\/franken-feuerwerk.de\/index.php\/wp-json\/wp\/v2\/product_tag?post=3792"}],"curies":[{"name":"wp","href":"https:\/\/api.w.org\/{rel}","templated":true}]}}