{"id":3890,"date":"2025-08-04T08:47:09","date_gmt":"2025-08-04T07:47:09","guid":{"rendered":"https:\/\/franken-feuerwerk.de\/?post_type=product&#038;p=3890"},"modified":"2026-02-11T11:42:42","modified_gmt":"2026-02-11T10:42:42","slug":"tomahawk","status":"publish","type":"product","link":"https:\/\/franken-feuerwerk.de\/index.php\/produkt\/tomahawk\/","title":{"rendered":"Tomahawk"},"content":{"rendered":"<p>Tomahawk, Der Tomahawk von Pangu Fireworks ist das Meisterwerk aus der Compound-Kollektion. Mit seinen 120 Sch\u00fcssen im maximalen Kaliber von 30 mm gibt es nichts Dickeres. Was diesen Compound so besonders macht, ist, dass er seine Effekte in einem superbreiten F\u00e4cher mit 10 Effekten entfaltet. Ja, Sie haben richtig gelesen, ganze 10 Sch\u00fcsse nebeneinander! Dadurch sorgt der Tomahawk f\u00fcr ein ultimatives Feuerwerksspektakel mit den sch\u00f6nsten Effekten, aber 10-mal so dick! Stellen Sie sicher, dass Sie gen\u00fcgend Platz haben, um dieses Biest zu z\u00fcnden! Nicht f\u00fcr enge Gassen geeignet!<\/p>\n","protected":false},"excerpt":{"rendered":"<p>Tomahawk, Der Tomahawk von Pangu Fireworks ist das Meisterwerk aus der Compound-Kollektion. Mit seinen 120 Sch\u00fcssen im maximalen Kaliber von 30 mm gibt es nichts Dickeres. Was diesen Compound so besonders macht, ist, dass er seine Effekte in einem superbreiten F\u00e4cher mit 10 Effekten entfaltet. Ja, Sie haben richtig gelesen, ganze 10 Sch\u00fcsse nebeneinander! Dadurch [&hellip;]<\/p>\n","protected":false},"featured_media":3892,"template":"","meta":{"site-sidebar-layout":"default","site-content-layout":"","ast-site-content-layout":"default","site-content-style":"default","site-sidebar-style":"default","ast-global-header-display":"","ast-banner-title-visibility":"","ast-main-header-display":"","ast-hfb-above-header-display":"","ast-hfb-below-header-display":"","ast-hfb-mobile-header-display":"","site-post-title":"","ast-breadcrumbs-content":"","ast-featured-img":"","footer-sml-layout":"","ast-disable-related-posts":"","theme-transparent-header-meta":"default","adv-header-id-meta":"","stick-header-meta":"","header-above-stick-meta":"","header-main-stick-meta":"","header-below-stick-meta":"","astra-migrate-meta-layouts":"set","ast-page-background-enabled":"default","ast-page-background-meta":{"desktop":{"background-color":"var(--ast-global-color-4)","background-image":"","background-repeat":"repeat","background-position":"center center","background-size":"auto","background-attachment":"scroll","background-type":"","background-media":"","overlay-type":"","overlay-color":"","overlay-opacity":"","overlay-gradient":""},"tablet":{"background-color":"","background-image":"","background-repeat":"repeat","background-position":"center center","background-size":"auto","background-attachment":"scroll","background-type":"","background-media":"","overlay-type":"","overlay-color":"","overlay-opacity":"","overlay-gradient":""},"mobile":{"background-color":"","background-image":"","background-repeat":"repeat","background-position":"center center","background-size":"auto","background-attachment":"scroll","background-type":"","background-media":"","overlay-type":"","overlay-color":"","overlay-opacity":"","overlay-gradient":""}},"ast-content-background-meta":{"desktop":{"background-color":"var(--ast-global-color-5)","background-image":"","background-repeat":"repeat","background-position":"center center","background-size":"auto","background-attachment":"scroll","background-type":"","background-media":"","overlay-type":"","overlay-color":"","overlay-opacity":"","overlay-gradient":""},"tablet":{"background-color":"var(--ast-global-color-5)","background-image":"","background-repeat":"repeat","background-position":"center center","background-size":"auto","background-attachment":"scroll","background-type":"","background-media":"","overlay-type":"","overlay-color":"","overlay-opacity":"","overlay-gradient":""},"mobile":{"background-color":"var(--ast-global-color-5)","background-image":"","background-repeat":"repeat","background-position":"center center","background-size":"auto","background-attachment":"scroll","background-type":"","background-media":"","overlay-type":"","overlay-color":"","overlay-opacity":"","overlay-gradient":""}}},"product_brand":[],"product_cat":[1081,1161,1163,43,1162],"product_tag":[164,811,505,1164,1165,1166],"class_list":{"0":"post-3890","1":"product","2":"type-product","3":"status-publish","4":"has-post-thumbnail","6":"product_cat-faecherbatterien","7":"product_cat-pangu","8":"product_cat-pangu-verbundfeuerwerk","9":"product_cat-verbundfeuerwerk","10":"product_cat-verbundfeuerwerk-pangu","11":"product_tag-feuerwerk-miltenberg","12":"product_tag-feuerwerk-wertheim","13":"product_tag-franken-feuerwerk","14":"product_tag-gbv-weco","15":"product_tag-pangu-feuerwerk","16":"product_tag-tomahawk","17":"desktop-align-left","18":"tablet-align-left","19":"mobile-align-left","21":"first","22":"instock","23":"shipping-taxable","24":"purchasable","25":"product-type-simple"},"jetpack_sharing_enabled":true,"_links":{"self":[{"href":"https:\/\/franken-feuerwerk.de\/index.php\/wp-json\/wp\/v2\/product\/3890","targetHints":{"allow":["GET"]}}],"collection":[{"href":"https:\/\/franken-feuerwerk.de\/index.php\/wp-json\/wp\/v2\/product"}],"about":[{"href":"https:\/\/franken-feuerwerk.de\/index.php\/wp-json\/wp\/v2\/types\/product"}],"wp:featuredmedia":[{"embeddable":true,"href":"https:\/\/franken-feuerwerk.de\/index.php\/wp-json\/wp\/v2\/media\/3892"}],"wp:attachment":[{"href":"https:\/\/franken-feuerwerk.de\/index.php\/wp-json\/wp\/v2\/media?parent=3890"}],"wp:term":[{"taxonomy":"product_brand","embeddable":true,"href":"https:\/\/franken-feuerwerk.de\/index.php\/wp-json\/wp\/v2\/product_brand?post=3890"},{"taxonomy":"product_cat","embeddable":true,"href":"https:\/\/franken-feuerwerk.de\/index.php\/wp-json\/wp\/v2\/product_cat?post=3890"},{"taxonomy":"product_tag","embeddable":true,"href":"https:\/\/franken-feuerwerk.de\/index.php\/wp-json\/wp\/v2\/product_tag?post=3890"}],"curies":[{"name":"wp","href":"https:\/\/api.w.org\/{rel}","templated":true}]}}