{"id":3906,"date":"2025-08-04T10:45:58","date_gmt":"2025-08-04T09:45:58","guid":{"rendered":"https:\/\/franken-feuerwerk.de\/?post_type=product&#038;p=3906"},"modified":"2026-02-11T11:41:00","modified_gmt":"2026-02-11T10:41:00","slug":"funkenzauber","status":"publish","type":"product","link":"https:\/\/franken-feuerwerk.de\/index.php\/produkt\/funkenzauber\/","title":{"rendered":"Funkenzauber"},"content":{"rendered":"<p>Funkenzauber, 20 Schuss 14 mm Feuerwerksk\u00f6rper. Wei\u00dfe Blinker mit roten Perlen, goldener Brokat mit gr\u00fcnen Perlen und Krone mit knisterndem Crackling. Dieser preisg\u00fcnstige Zierfeuerwerksk\u00f6rper erzeugt eine gro\u00dfe Vielfalt an Ziereffekten am Himmel.<\/p>\n","protected":false},"excerpt":{"rendered":"<p>Funkenzauber, 20 Schuss 14 mm Feuerwerksk\u00f6rper. Wei\u00dfe Blinker mit roten Perlen, goldener Brokat mit gr\u00fcnen Perlen und Krone mit knisterndem Crackling. Dieser preisg\u00fcnstige Zierfeuerwerksk\u00f6rper erzeugt eine gro\u00dfe Vielfalt an Ziereffekten am Himmel.<\/p>\n","protected":false},"featured_media":3907,"template":"","meta":{"site-sidebar-layout":"default","site-content-layout":"","ast-site-content-layout":"default","site-content-style":"default","site-sidebar-style":"default","ast-global-header-display":"","ast-banner-title-visibility":"","ast-main-header-display":"","ast-hfb-above-header-display":"","ast-hfb-below-header-display":"","ast-hfb-mobile-header-display":"","site-post-title":"","ast-breadcrumbs-content":"","ast-featured-img":"","footer-sml-layout":"","ast-disable-related-posts":"","theme-transparent-header-meta":"default","adv-header-id-meta":"","stick-header-meta":"","header-above-stick-meta":"","header-main-stick-meta":"","header-below-stick-meta":"","astra-migrate-meta-layouts":"set","ast-page-background-enabled":"default","ast-page-background-meta":{"desktop":{"background-color":"var(--ast-global-color-4)","background-image":"","background-repeat":"repeat","background-position":"center center","background-size":"auto","background-attachment":"scroll","background-type":"","background-media":"","overlay-type":"","overlay-color":"","overlay-opacity":"","overlay-gradient":""},"tablet":{"background-color":"","background-image":"","background-repeat":"repeat","background-position":"center center","background-size":"auto","background-attachment":"scroll","background-type":"","background-media":"","overlay-type":"","overlay-color":"","overlay-opacity":"","overlay-gradient":""},"mobile":{"background-color":"","background-image":"","background-repeat":"repeat","background-position":"center center","background-size":"auto","background-attachment":"scroll","background-type":"","background-media":"","overlay-type":"","overlay-color":"","overlay-opacity":"","overlay-gradient":""}},"ast-content-background-meta":{"desktop":{"background-color":"var(--ast-global-color-5)","background-image":"","background-repeat":"repeat","background-position":"center center","background-size":"auto","background-attachment":"scroll","background-type":"","background-media":"","overlay-type":"","overlay-color":"","overlay-opacity":"","overlay-gradient":""},"tablet":{"background-color":"var(--ast-global-color-5)","background-image":"","background-repeat":"repeat","background-position":"center center","background-size":"auto","background-attachment":"scroll","background-type":"","background-media":"","overlay-type":"","overlay-color":"","overlay-opacity":"","overlay-gradient":""},"mobile":{"background-color":"var(--ast-global-color-5)","background-image":"","background-repeat":"repeat","background-position":"center center","background-size":"auto","background-attachment":"scroll","background-type":"","background-media":"","overlay-type":"","overlay-color":"","overlay-opacity":"","overlay-gradient":""}}},"product_brand":[],"product_cat":[588,21,1171,1172,1170],"product_tag":[317,162,734,164,1176,1164],"class_list":{"0":"post-3906","1":"product","2":"type-product","3":"status-publish","4":"has-post-thumbnail","6":"product_cat-marke","7":"product_cat-batterien","8":"product_cat-batterien-gbv-weco","9":"product_cat-gbv-weco-batterien","10":"product_cat-gbv-feuerwerk","11":"product_tag-feuerwerk-buchen","12":"product_tag-feuerwerk-erbach","13":"product_tag-feuerwerk-michelstadt","14":"product_tag-feuerwerk-miltenberg","15":"product_tag-funkenzauber","16":"product_tag-gbv-weco","17":"desktop-align-left","18":"tablet-align-left","19":"mobile-align-left","21":"first","22":"instock","23":"shipping-taxable","24":"purchasable","25":"product-type-simple"},"jetpack_sharing_enabled":true,"_links":{"self":[{"href":"https:\/\/franken-feuerwerk.de\/index.php\/wp-json\/wp\/v2\/product\/3906","targetHints":{"allow":["GET"]}}],"collection":[{"href":"https:\/\/franken-feuerwerk.de\/index.php\/wp-json\/wp\/v2\/product"}],"about":[{"href":"https:\/\/franken-feuerwerk.de\/index.php\/wp-json\/wp\/v2\/types\/product"}],"wp:featuredmedia":[{"embeddable":true,"href":"https:\/\/franken-feuerwerk.de\/index.php\/wp-json\/wp\/v2\/media\/3907"}],"wp:attachment":[{"href":"https:\/\/franken-feuerwerk.de\/index.php\/wp-json\/wp\/v2\/media?parent=3906"}],"wp:term":[{"taxonomy":"product_brand","embeddable":true,"href":"https:\/\/franken-feuerwerk.de\/index.php\/wp-json\/wp\/v2\/product_brand?post=3906"},{"taxonomy":"product_cat","embeddable":true,"href":"https:\/\/franken-feuerwerk.de\/index.php\/wp-json\/wp\/v2\/product_cat?post=3906"},{"taxonomy":"product_tag","embeddable":true,"href":"https:\/\/franken-feuerwerk.de\/index.php\/wp-json\/wp\/v2\/product_tag?post=3906"}],"curies":[{"name":"wp","href":"https:\/\/api.w.org\/{rel}","templated":true}]}}