{"id":3967,"date":"2025-09-24T13:38:31","date_gmt":"2025-09-24T12:38:31","guid":{"rendered":"https:\/\/franken-feuerwerk.de\/?post_type=product&#038;p=3967"},"modified":"2026-02-11T11:38:49","modified_gmt":"2026-02-11T10:38:49","slug":"blacksmith-betty-2","status":"publish","type":"product","link":"https:\/\/franken-feuerwerk.de\/index.php\/produkt\/blacksmith-betty-2\/","title":{"rendered":"Blacksmith Betty"},"content":{"rendered":"<p>Blacksmith Betty, Howdy, \u201eBlacksmith Betty\u201c ist in der Stadt und l\u00e4sst ordentlich die Funken fliegen!<br \/>\nDie kraftvolle 20-Schuss-Batterie (490 NEM) mit aufsteigenden, gold-flimmernden Leuchtsternen mit anschlie\u00dfender lautstarker Zerlegung zu gro\u00dfen, golden flimmernden &#8222;Flower-Crown-Effekten&#8220; mit roten, gr\u00fcnen oder blauen Blinksternen bringt die Pr\u00e4rie ordentlich zum Beben. Und f\u00fcr den Showdown? Ein 4-Schuss-Finale, das jeden Cowboy und jede Cowgirl zum Staunen bringt.<\/p>\n","protected":false},"excerpt":{"rendered":"<p>Blacksmith Betty, Howdy, \u201eBlacksmith Betty\u201c ist in der Stadt und l\u00e4sst ordentlich die Funken fliegen! Die kraftvolle 20-Schuss-Batterie (490 NEM) mit aufsteigenden, gold-flimmernden Leuchtsternen mit anschlie\u00dfender lautstarker Zerlegung zu gro\u00dfen, golden flimmernden &#8222;Flower-Crown-Effekten&#8220; mit roten, gr\u00fcnen oder blauen Blinksternen bringt die Pr\u00e4rie ordentlich zum Beben. Und f\u00fcr den Showdown? Ein 4-Schuss-Finale, das jeden Cowboy und [&hellip;]<\/p>\n","protected":false},"featured_media":3968,"template":"","meta":{"site-sidebar-layout":"default","site-content-layout":"","ast-site-content-layout":"default","site-content-style":"default","site-sidebar-style":"default","ast-global-header-display":"","ast-banner-title-visibility":"","ast-main-header-display":"","ast-hfb-above-header-display":"","ast-hfb-below-header-display":"","ast-hfb-mobile-header-display":"","site-post-title":"","ast-breadcrumbs-content":"","ast-featured-img":"","footer-sml-layout":"","ast-disable-related-posts":"","theme-transparent-header-meta":"default","adv-header-id-meta":"","stick-header-meta":"","header-above-stick-meta":"","header-main-stick-meta":"","header-below-stick-meta":"","astra-migrate-meta-layouts":"set","ast-page-background-enabled":"default","ast-page-background-meta":{"desktop":{"background-color":"var(--ast-global-color-4)","background-image":"","background-repeat":"repeat","background-position":"center center","background-size":"auto","background-attachment":"scroll","background-type":"","background-media":"","overlay-type":"","overlay-color":"","overlay-opacity":"","overlay-gradient":""},"tablet":{"background-color":"","background-image":"","background-repeat":"repeat","background-position":"center center","background-size":"auto","background-attachment":"scroll","background-type":"","background-media":"","overlay-type":"","overlay-color":"","overlay-opacity":"","overlay-gradient":""},"mobile":{"background-color":"","background-image":"","background-repeat":"repeat","background-position":"center center","background-size":"auto","background-attachment":"scroll","background-type":"","background-media":"","overlay-type":"","overlay-color":"","overlay-opacity":"","overlay-gradient":""}},"ast-content-background-meta":{"desktop":{"background-color":"var(--ast-global-color-5)","background-image":"","background-repeat":"repeat","background-position":"center center","background-size":"auto","background-attachment":"scroll","background-type":"","background-media":"","overlay-type":"","overlay-color":"","overlay-opacity":"","overlay-gradient":""},"tablet":{"background-color":"var(--ast-global-color-5)","background-image":"","background-repeat":"repeat","background-position":"center center","background-size":"auto","background-attachment":"scroll","background-type":"","background-media":"","overlay-type":"","overlay-color":"","overlay-opacity":"","overlay-gradient":""},"mobile":{"background-color":"var(--ast-global-color-5)","background-image":"","background-repeat":"repeat","background-position":"center center","background-size":"auto","background-attachment":"scroll","background-type":"","background-media":"","overlay-type":"","overlay-color":"","overlay-opacity":"","overlay-gradient":""}}},"product_brand":[],"product_cat":[588,643,21,22,642],"product_tag":[1178,1217,505,28],"class_list":{"0":"post-3967","1":"product","2":"type-product","3":"status-publish","4":"has-post-thumbnail","6":"product_cat-marke","7":"product_cat-batterie-nico-marke","8":"product_cat-batterien","9":"product_cat-nico","10":"product_cat-nico-marke","11":"product_tag-blacksmith-betty","12":"product_tag-franken-pyro-feuerwerk-erbach","13":"product_tag-franken-feuerwerk","14":"product_tag-nico","15":"desktop-align-left","16":"tablet-align-left","17":"mobile-align-left","19":"first","20":"instock","21":"shipping-taxable","22":"purchasable","23":"product-type-simple"},"jetpack_sharing_enabled":true,"_links":{"self":[{"href":"https:\/\/franken-feuerwerk.de\/index.php\/wp-json\/wp\/v2\/product\/3967","targetHints":{"allow":["GET"]}}],"collection":[{"href":"https:\/\/franken-feuerwerk.de\/index.php\/wp-json\/wp\/v2\/product"}],"about":[{"href":"https:\/\/franken-feuerwerk.de\/index.php\/wp-json\/wp\/v2\/types\/product"}],"wp:featuredmedia":[{"embeddable":true,"href":"https:\/\/franken-feuerwerk.de\/index.php\/wp-json\/wp\/v2\/media\/3968"}],"wp:attachment":[{"href":"https:\/\/franken-feuerwerk.de\/index.php\/wp-json\/wp\/v2\/media?parent=3967"}],"wp:term":[{"taxonomy":"product_brand","embeddable":true,"href":"https:\/\/franken-feuerwerk.de\/index.php\/wp-json\/wp\/v2\/product_brand?post=3967"},{"taxonomy":"product_cat","embeddable":true,"href":"https:\/\/franken-feuerwerk.de\/index.php\/wp-json\/wp\/v2\/product_cat?post=3967"},{"taxonomy":"product_tag","embeddable":true,"href":"https:\/\/franken-feuerwerk.de\/index.php\/wp-json\/wp\/v2\/product_tag?post=3967"}],"curies":[{"name":"wp","href":"https:\/\/api.w.org\/{rel}","templated":true}]}}