{"id":4214,"date":"2026-02-09T10:33:41","date_gmt":"2026-02-09T09:33:41","guid":{"rendered":"https:\/\/franken-feuerwerk.de\/?post_type=product&#038;p=4214"},"modified":"2026-02-11T11:34:58","modified_gmt":"2026-02-11T10:34:58","slug":"neon-knights-1","status":"publish","type":"product","link":"https:\/\/franken-feuerwerk.de\/index.php\/produkt\/neon-knights-1\/","title":{"rendered":"Neon Knights 1"},"content":{"rendered":"<p>Neon Knights 1, Batterie mit in abwechselnden Schussrichtungen aufsteigenden verschiedenfarbigen P\u00e4onien und Dahlien, kombiniert mit Titanzerlegern und Silberpalmen.<\/p>\n<p>Effekte:<br \/>\n1.) Brokatschweif-Aufstieg zu P\u00e4onie in Blau-Orange mit Titanzerleger<br \/>\n2.) W-F\u00e4cher aus Silberschweifaufstiegen zu blauen P\u00e4onien mit Silberpalmen<br \/>\n3.) Brokatschweif-Aufstieg zu P\u00e4onie in T\u00fcrkis und blutrot mit Titanzerleger<br \/>\n4.) V-F\u00e4cher aus Silberschweifaufstiegen zu Silberpalmen mit blutroten Sternen<br \/>\n5.) Brokatschweif-Aufstieg zu P\u00e4onie in Lemon und Purpur mit Titanzerleger<br \/>\n6.) W-F\u00e4cher aus Silberschweifaufstiegen zu P\u00e4onien in Lemon und Silberpalmen<br \/>\n7.) Brokatschweif-Aufstieg zu Dahliensternen in Gr\u00fcn und Orange mit Titanzerleger<\/p>\n","protected":false},"excerpt":{"rendered":"<p>Neon Knights 1, Batterie mit in abwechselnden Schussrichtungen aufsteigenden verschiedenfarbigen P\u00e4onien und Dahlien, kombiniert mit Titanzerlegern und Silberpalmen. Effekte: 1.) Brokatschweif-Aufstieg zu P\u00e4onie in Blau-Orange mit Titanzerleger 2.) W-F\u00e4cher aus Silberschweifaufstiegen zu blauen P\u00e4onien mit Silberpalmen 3.) Brokatschweif-Aufstieg zu P\u00e4onie in T\u00fcrkis und blutrot mit Titanzerleger 4.) V-F\u00e4cher aus Silberschweifaufstiegen zu Silberpalmen mit blutroten Sternen [&hellip;]<\/p>\n","protected":false},"featured_media":4215,"template":"","meta":{"site-sidebar-layout":"default","site-content-layout":"","ast-site-content-layout":"default","site-content-style":"default","site-sidebar-style":"default","ast-global-header-display":"","ast-banner-title-visibility":"","ast-main-header-display":"","ast-hfb-above-header-display":"","ast-hfb-below-header-display":"","ast-hfb-mobile-header-display":"","site-post-title":"","ast-breadcrumbs-content":"","ast-featured-img":"","footer-sml-layout":"","ast-disable-related-posts":"","theme-transparent-header-meta":"default","adv-header-id-meta":"","stick-header-meta":"","header-above-stick-meta":"","header-main-stick-meta":"","header-below-stick-meta":"","astra-migrate-meta-layouts":"set","ast-page-background-enabled":"default","ast-page-background-meta":{"desktop":{"background-color":"var(--ast-global-color-4)","background-image":"","background-repeat":"repeat","background-position":"center center","background-size":"auto","background-attachment":"scroll","background-type":"","background-media":"","overlay-type":"","overlay-color":"","overlay-opacity":"","overlay-gradient":""},"tablet":{"background-color":"","background-image":"","background-repeat":"repeat","background-position":"center center","background-size":"auto","background-attachment":"scroll","background-type":"","background-media":"","overlay-type":"","overlay-color":"","overlay-opacity":"","overlay-gradient":""},"mobile":{"background-color":"","background-image":"","background-repeat":"repeat","background-position":"center center","background-size":"auto","background-attachment":"scroll","background-type":"","background-media":"","overlay-type":"","overlay-color":"","overlay-opacity":"","overlay-gradient":""}},"ast-content-background-meta":{"desktop":{"background-color":"var(--ast-global-color-5)","background-image":"","background-repeat":"repeat","background-position":"center center","background-size":"auto","background-attachment":"scroll","background-type":"","background-media":"","overlay-type":"","overlay-color":"","overlay-opacity":"","overlay-gradient":""},"tablet":{"background-color":"var(--ast-global-color-5)","background-image":"","background-repeat":"repeat","background-position":"center center","background-size":"auto","background-attachment":"scroll","background-type":"","background-media":"","overlay-type":"","overlay-color":"","overlay-opacity":"","overlay-gradient":""},"mobile":{"background-color":"var(--ast-global-color-5)","background-image":"","background-repeat":"repeat","background-position":"center center","background-size":"auto","background-attachment":"scroll","background-type":"","background-media":"","overlay-type":"","overlay-color":"","overlay-opacity":"","overlay-gradient":""}}},"product_brand":[],"product_cat":[1081,21,591,302,589,588,1087],"product_tag":[1267,1266,1225,787,505,320,1265],"class_list":{"0":"post-4214","1":"product","2":"type-product","3":"status-publish","4":"has-post-thumbnail","6":"product_cat-faecherbatterien","7":"product_cat-batterien","8":"product_cat-batterien-funke-marke","9":"product_cat-funke-verbundfeuerwerk","10":"product_cat-funke-marke","11":"product_cat-marke","12":"product_cat-neuheiten","13":"product_tag-frank-daniels","14":"product_tag-frank-daniels-pyro","15":"product_tag-franken","16":"product_tag-franken-pyro","17":"product_tag-franken-feuerwerk","18":"product_tag-funke-batterie","19":"product_tag-funke-neon-nights","20":"desktop-align-left","21":"tablet-align-left","22":"mobile-align-left","24":"first","25":"instock","26":"shipping-taxable","27":"purchasable","28":"product-type-simple"},"jetpack_sharing_enabled":true,"_links":{"self":[{"href":"https:\/\/franken-feuerwerk.de\/index.php\/wp-json\/wp\/v2\/product\/4214","targetHints":{"allow":["GET"]}}],"collection":[{"href":"https:\/\/franken-feuerwerk.de\/index.php\/wp-json\/wp\/v2\/product"}],"about":[{"href":"https:\/\/franken-feuerwerk.de\/index.php\/wp-json\/wp\/v2\/types\/product"}],"wp:featuredmedia":[{"embeddable":true,"href":"https:\/\/franken-feuerwerk.de\/index.php\/wp-json\/wp\/v2\/media\/4215"}],"wp:attachment":[{"href":"https:\/\/franken-feuerwerk.de\/index.php\/wp-json\/wp\/v2\/media?parent=4214"}],"wp:term":[{"taxonomy":"product_brand","embeddable":true,"href":"https:\/\/franken-feuerwerk.de\/index.php\/wp-json\/wp\/v2\/product_brand?post=4214"},{"taxonomy":"product_cat","embeddable":true,"href":"https:\/\/franken-feuerwerk.de\/index.php\/wp-json\/wp\/v2\/product_cat?post=4214"},{"taxonomy":"product_tag","embeddable":true,"href":"https:\/\/franken-feuerwerk.de\/index.php\/wp-json\/wp\/v2\/product_tag?post=4214"}],"curies":[{"name":"wp","href":"https:\/\/api.w.org\/{rel}","templated":true}]}}