{"id":4226,"date":"2026-02-09T11:18:35","date_gmt":"2026-02-09T10:18:35","guid":{"rendered":"https:\/\/franken-feuerwerk.de\/?post_type=product&#038;p=4226"},"modified":"2026-02-11T11:33:34","modified_gmt":"2026-02-11T10:33:34","slug":"pretty-in-pink","status":"publish","type":"product","link":"https:\/\/franken-feuerwerk.de\/index.php\/produkt\/pretty-in-pink\/","title":{"rendered":"Pretty in Pink"},"content":{"rendered":"<p>Pretty in Pink,<br \/>\nEffekte:<br \/>\n1. Titangold-Schweifaufstiege zu eleganten Titangoldweiden, die in einem Regen aus Goldblinkern und intensiven pinken Neonsternen funkeln \u2013 der Look eines glamour\u00f6sen Feuerwerksabends.<br \/>\n2. V-F\u00e4cher aus Brokatschweifen, die in royalen Brokatkronen erbl\u00fchen, getaucht in einem spektakul\u00e4ren Mix aus Lemon-Pink und Aqua-Pink Neonsternen \u2013 das ist Luxus, der den Himmel verzaubert!<br \/>\n3. Goldcracker-Schweifaufstiege zu strahlenden Goldcracker-Buketts, durchsetzt mit Neonsternen in Pink, Aqua und Lemon \u2013 ein Mix aus Farben und Licht, der die Nacht zum Strahlen bringt.<br \/>\n4. Doppelte Final-F\u00e4chersalve: Silbercracker-Feuert\u00f6pfe z\u00fcnden auf und steigen auf zu silbernen Crackerschweifen, die in einer Explosion aus silbernen Crackerbuketts und leuchtend pinken Dahliensternen gipfeln \u2013 ein letzter Auftritt, so majest\u00e4tisch wie ein Dior-Abschluss auf der Pariser Fashion Week. \ud83c\udf38<\/p>\n","protected":false},"excerpt":{"rendered":"<p>Pretty in Pink, Effekte: 1. Titangold-Schweifaufstiege zu eleganten Titangoldweiden, die in einem Regen aus Goldblinkern und intensiven pinken Neonsternen funkeln \u2013 der Look eines glamour\u00f6sen Feuerwerksabends. 2. V-F\u00e4cher aus Brokatschweifen, die in royalen Brokatkronen erbl\u00fchen, getaucht in einem spektakul\u00e4ren Mix aus Lemon-Pink und Aqua-Pink Neonsternen \u2013 das ist Luxus, der den Himmel verzaubert! 3. Goldcracker-Schweifaufstiege [&hellip;]<\/p>\n","protected":false},"featured_media":4227,"template":"","meta":{"site-sidebar-layout":"default","site-content-layout":"","ast-site-content-layout":"default","site-content-style":"default","site-sidebar-style":"default","ast-global-header-display":"","ast-banner-title-visibility":"","ast-main-header-display":"","ast-hfb-above-header-display":"","ast-hfb-below-header-display":"","ast-hfb-mobile-header-display":"","site-post-title":"","ast-breadcrumbs-content":"","ast-featured-img":"","footer-sml-layout":"","ast-disable-related-posts":"","theme-transparent-header-meta":"default","adv-header-id-meta":"","stick-header-meta":"","header-above-stick-meta":"","header-main-stick-meta":"","header-below-stick-meta":"","astra-migrate-meta-layouts":"set","ast-page-background-enabled":"default","ast-page-background-meta":{"desktop":{"background-color":"var(--ast-global-color-4)","background-image":"","background-repeat":"repeat","background-position":"center center","background-size":"auto","background-attachment":"scroll","background-type":"","background-media":"","overlay-type":"","overlay-color":"","overlay-opacity":"","overlay-gradient":""},"tablet":{"background-color":"","background-image":"","background-repeat":"repeat","background-position":"center center","background-size":"auto","background-attachment":"scroll","background-type":"","background-media":"","overlay-type":"","overlay-color":"","overlay-opacity":"","overlay-gradient":""},"mobile":{"background-color":"","background-image":"","background-repeat":"repeat","background-position":"center center","background-size":"auto","background-attachment":"scroll","background-type":"","background-media":"","overlay-type":"","overlay-color":"","overlay-opacity":"","overlay-gradient":""}},"ast-content-background-meta":{"desktop":{"background-color":"var(--ast-global-color-5)","background-image":"","background-repeat":"repeat","background-position":"center center","background-size":"auto","background-attachment":"scroll","background-type":"","background-media":"","overlay-type":"","overlay-color":"","overlay-opacity":"","overlay-gradient":""},"tablet":{"background-color":"var(--ast-global-color-5)","background-image":"","background-repeat":"repeat","background-position":"center center","background-size":"auto","background-attachment":"scroll","background-type":"","background-media":"","overlay-type":"","overlay-color":"","overlay-opacity":"","overlay-gradient":""},"mobile":{"background-color":"var(--ast-global-color-5)","background-image":"","background-repeat":"repeat","background-position":"center center","background-size":"auto","background-attachment":"scroll","background-type":"","background-media":"","overlay-type":"","overlay-color":"","overlay-opacity":"","overlay-gradient":""}}},"product_brand":[],"product_cat":[1081,1255,21,1244,1250,588,1087],"product_tag":[1274,1276,164,1113,721,811,1262,787,505,270,1275],"class_list":{"0":"post-4226","1":"product","2":"type-product","3":"status-publish","4":"has-post-thumbnail","6":"product_cat-faecherbatterien","7":"product_cat-batterie-funke-albert-marke","8":"product_cat-batterien","9":"product_cat-funke-albert-batterien","10":"product_cat-funke-albert-marke","11":"product_cat-marke","12":"product_cat-neuheiten","13":"product_tag-albert-pretty-in-pink","14":"product_tag-feuerwerk-gochsheum","15":"product_tag-feuerwerk-miltenberg","16":"product_tag-feuerwerk-richelbach","17":"product_tag-feuerwerk-umpfenbach","18":"product_tag-feuerwerk-wertheim","19":"product_tag-frank-daniels-feuerwerk","20":"product_tag-franken-pyro","21":"product_tag-franken-feuerwerk","22":"product_tag-funke-feuerwerk","23":"product_tag-funke-pretty-in-pink","24":"desktop-align-left","25":"tablet-align-left","26":"mobile-align-left","28":"first","29":"instock","30":"shipping-taxable","31":"purchasable","32":"product-type-simple"},"jetpack_sharing_enabled":true,"_links":{"self":[{"href":"https:\/\/franken-feuerwerk.de\/index.php\/wp-json\/wp\/v2\/product\/4226","targetHints":{"allow":["GET"]}}],"collection":[{"href":"https:\/\/franken-feuerwerk.de\/index.php\/wp-json\/wp\/v2\/product"}],"about":[{"href":"https:\/\/franken-feuerwerk.de\/index.php\/wp-json\/wp\/v2\/types\/product"}],"wp:featuredmedia":[{"embeddable":true,"href":"https:\/\/franken-feuerwerk.de\/index.php\/wp-json\/wp\/v2\/media\/4227"}],"wp:attachment":[{"href":"https:\/\/franken-feuerwerk.de\/index.php\/wp-json\/wp\/v2\/media?parent=4226"}],"wp:term":[{"taxonomy":"product_brand","embeddable":true,"href":"https:\/\/franken-feuerwerk.de\/index.php\/wp-json\/wp\/v2\/product_brand?post=4226"},{"taxonomy":"product_cat","embeddable":true,"href":"https:\/\/franken-feuerwerk.de\/index.php\/wp-json\/wp\/v2\/product_cat?post=4226"},{"taxonomy":"product_tag","embeddable":true,"href":"https:\/\/franken-feuerwerk.de\/index.php\/wp-json\/wp\/v2\/product_tag?post=4226"}],"curies":[{"name":"wp","href":"https:\/\/api.w.org\/{rel}","templated":true}]}}