{"id":4239,"date":"2026-02-09T16:00:29","date_gmt":"2026-02-09T15:00:29","guid":{"rendered":"https:\/\/franken-feuerwerk.de\/?post_type=product&#038;p=4239"},"modified":"2026-02-11T11:14:47","modified_gmt":"2026-02-11T10:14:47","slug":"fiori","status":"publish","type":"product","link":"https:\/\/franken-feuerwerk.de\/index.php\/produkt\/fiori\/","title":{"rendered":"Fiori"},"content":{"rendered":"<p>Fiori,<br \/>\nEffekte:<br \/>\nGr\u00fcner Aufstieg zu Brokatweiden mit gr\u00fcnen Verwandlungsspitzen, gefolgt von rasant geschossenen Titangold-Schweifaufstiegen zu Titangoldweiden mit gr\u00fcnen Blinkspitzen;<br \/>\nRoter Aufstieg zu Brokatweiden mit roten Verwandlungsspitzen, gefolgt von rasant geschossenen Titangold-Schweifaufstiegen zu Titangoldweiden mit roten Blinkspitzen;<br \/>\nBlauer Aufstieg zu Brokatweiden mit blauen Verwandlungsspitzen, gefolgt von rasant geschossenen Titangold-Schweifaufstiegen zu Titangoldweiden mit wei\u00dfen Blinkspitzen<\/p>\n","protected":false},"excerpt":{"rendered":"<p>Fiori, Effekte: Gr\u00fcner Aufstieg zu Brokatweiden mit gr\u00fcnen Verwandlungsspitzen, gefolgt von rasant geschossenen Titangold-Schweifaufstiegen zu Titangoldweiden mit gr\u00fcnen Blinkspitzen; Roter Aufstieg zu Brokatweiden mit roten Verwandlungsspitzen, gefolgt von rasant geschossenen Titangold-Schweifaufstiegen zu Titangoldweiden mit roten Blinkspitzen; Blauer Aufstieg zu Brokatweiden mit blauen Verwandlungsspitzen, gefolgt von rasant geschossenen Titangold-Schweifaufstiegen zu Titangoldweiden mit wei\u00dfen Blinkspitzen<\/p>\n","protected":false},"featured_media":4240,"template":"","meta":{"site-sidebar-layout":"default","site-content-layout":"","ast-site-content-layout":"default","site-content-style":"default","site-sidebar-style":"default","ast-global-header-display":"","ast-banner-title-visibility":"","ast-main-header-display":"","ast-hfb-above-header-display":"","ast-hfb-below-header-display":"","ast-hfb-mobile-header-display":"","site-post-title":"","ast-breadcrumbs-content":"","ast-featured-img":"","footer-sml-layout":"","ast-disable-related-posts":"","theme-transparent-header-meta":"default","adv-header-id-meta":"","stick-header-meta":"","header-above-stick-meta":"","header-main-stick-meta":"","header-below-stick-meta":"","astra-migrate-meta-layouts":"set","ast-page-background-enabled":"default","ast-page-background-meta":{"desktop":{"background-color":"var(--ast-global-color-4)","background-image":"","background-repeat":"repeat","background-position":"center center","background-size":"auto","background-attachment":"scroll","background-type":"","background-media":"","overlay-type":"","overlay-color":"","overlay-opacity":"","overlay-gradient":""},"tablet":{"background-color":"","background-image":"","background-repeat":"repeat","background-position":"center center","background-size":"auto","background-attachment":"scroll","background-type":"","background-media":"","overlay-type":"","overlay-color":"","overlay-opacity":"","overlay-gradient":""},"mobile":{"background-color":"","background-image":"","background-repeat":"repeat","background-position":"center center","background-size":"auto","background-attachment":"scroll","background-type":"","background-media":"","overlay-type":"","overlay-color":"","overlay-opacity":"","overlay-gradient":""}},"ast-content-background-meta":{"desktop":{"background-color":"var(--ast-global-color-5)","background-image":"","background-repeat":"repeat","background-position":"center center","background-size":"auto","background-attachment":"scroll","background-type":"","background-media":"","overlay-type":"","overlay-color":"","overlay-opacity":"","overlay-gradient":""},"tablet":{"background-color":"var(--ast-global-color-5)","background-image":"","background-repeat":"repeat","background-position":"center center","background-size":"auto","background-attachment":"scroll","background-type":"","background-media":"","overlay-type":"","overlay-color":"","overlay-opacity":"","overlay-gradient":""},"mobile":{"background-color":"var(--ast-global-color-5)","background-image":"","background-repeat":"repeat","background-position":"center center","background-size":"auto","background-attachment":"scroll","background-type":"","background-media":"","overlay-type":"","overlay-color":"","overlay-opacity":"","overlay-gradient":""}}},"product_brand":[],"product_cat":[588,1257,21,307,1249],"product_tag":[1288,1291,1289,1290,1267,1225,787,505],"class_list":{"0":"post-4239","1":"product","2":"type-product","3":"status-publish","4":"has-post-thumbnail","6":"product_cat-marke","7":"product_cat-batterie-funke-argento","8":"product_cat-batterien","9":"product_cat-funke-argento-verbundfeuerwerk","10":"product_cat-funke-argento","11":"product_tag-argento-fiori","12":"product_tag-feuerwerk-gerchsheim","13":"product_tag-fiori-argento","14":"product_tag-fiori-funke","15":"product_tag-frank-daniels","16":"product_tag-franken","17":"product_tag-franken-pyro","18":"product_tag-franken-feuerwerk","19":"desktop-align-left","20":"tablet-align-left","21":"mobile-align-left","23":"first","24":"instock","25":"shipping-taxable","26":"purchasable","27":"product-type-simple"},"jetpack_sharing_enabled":true,"_links":{"self":[{"href":"https:\/\/franken-feuerwerk.de\/index.php\/wp-json\/wp\/v2\/product\/4239","targetHints":{"allow":["GET"]}}],"collection":[{"href":"https:\/\/franken-feuerwerk.de\/index.php\/wp-json\/wp\/v2\/product"}],"about":[{"href":"https:\/\/franken-feuerwerk.de\/index.php\/wp-json\/wp\/v2\/types\/product"}],"wp:featuredmedia":[{"embeddable":true,"href":"https:\/\/franken-feuerwerk.de\/index.php\/wp-json\/wp\/v2\/media\/4240"}],"wp:attachment":[{"href":"https:\/\/franken-feuerwerk.de\/index.php\/wp-json\/wp\/v2\/media?parent=4239"}],"wp:term":[{"taxonomy":"product_brand","embeddable":true,"href":"https:\/\/franken-feuerwerk.de\/index.php\/wp-json\/wp\/v2\/product_brand?post=4239"},{"taxonomy":"product_cat","embeddable":true,"href":"https:\/\/franken-feuerwerk.de\/index.php\/wp-json\/wp\/v2\/product_cat?post=4239"},{"taxonomy":"product_tag","embeddable":true,"href":"https:\/\/franken-feuerwerk.de\/index.php\/wp-json\/wp\/v2\/product_tag?post=4239"}],"curies":[{"name":"wp","href":"https:\/\/api.w.org\/{rel}","templated":true}]}}