{"id":4341,"date":"2026-04-01T11:10:00","date_gmt":"2026-04-01T10:10:00","guid":{"rendered":"https:\/\/franken-feuerwerk.de\/?post_type=product&#038;p=4341"},"modified":"2026-04-01T11:18:43","modified_gmt":"2026-04-01T10:18:43","slug":"legend-of-the-sky","status":"publish","type":"product","link":"https:\/\/franken-feuerwerk.de\/index.php\/produkt\/legend-of-the-sky\/","title":{"rendered":"Legend Of The Sky"},"content":{"rendered":"<p>Legend Of The Sky, Wir lassen den Himmel seine Legende mit \u201eLegend Of The Sky\u201c erz\u00e4hlen! Reihen aus gr\u00fcnen, blauen und goldenen Palmen und Dahlien mit funkelndem Goldglitzer tanzen Reihe f\u00fcr Reihe zu einem spektakul\u00e4ren, vollst\u00e4ndigen Finale. Magisch, brillant und gro\u00dfartig \u2013 diese Feuerwerkshow l\u00e4sst den Himmel sprechen.<\/p>\n","protected":false},"excerpt":{"rendered":"<p>Legend Of The Sky, Wir lassen den Himmel seine Legende mit \u201eLegend Of The Sky\u201c erz\u00e4hlen! Reihen aus gr\u00fcnen, blauen und goldenen Palmen und Dahlien mit funkelndem Goldglitzer tanzen Reihe f\u00fcr Reihe zu einem spektakul\u00e4ren, vollst\u00e4ndigen Finale. Magisch, brillant und gro\u00dfartig \u2013 diese Feuerwerkshow l\u00e4sst den Himmel sprechen.<\/p>\n","protected":false},"featured_media":4342,"template":"","meta":{"site-sidebar-layout":"default","site-content-layout":"","ast-site-content-layout":"default","site-content-style":"default","site-sidebar-style":"default","ast-global-header-display":"","ast-banner-title-visibility":"","ast-main-header-display":"","ast-hfb-above-header-display":"","ast-hfb-below-header-display":"","ast-hfb-mobile-header-display":"","site-post-title":"","ast-breadcrumbs-content":"","ast-featured-img":"","footer-sml-layout":"","ast-disable-related-posts":"","theme-transparent-header-meta":"default","adv-header-id-meta":"","stick-header-meta":"","header-above-stick-meta":"","header-main-stick-meta":"","header-below-stick-meta":"","astra-migrate-meta-layouts":"set","ast-page-background-enabled":"default","ast-page-background-meta":{"desktop":{"background-color":"var(--ast-global-color-4)","background-image":"","background-repeat":"repeat","background-position":"center center","background-size":"auto","background-attachment":"scroll","background-type":"","background-media":"","overlay-type":"","overlay-color":"","overlay-opacity":"","overlay-gradient":""},"tablet":{"background-color":"","background-image":"","background-repeat":"repeat","background-position":"center center","background-size":"auto","background-attachment":"scroll","background-type":"","background-media":"","overlay-type":"","overlay-color":"","overlay-opacity":"","overlay-gradient":""},"mobile":{"background-color":"","background-image":"","background-repeat":"repeat","background-position":"center center","background-size":"auto","background-attachment":"scroll","background-type":"","background-media":"","overlay-type":"","overlay-color":"","overlay-opacity":"","overlay-gradient":""}},"ast-content-background-meta":{"desktop":{"background-color":"var(--ast-global-color-5)","background-image":"","background-repeat":"repeat","background-position":"center center","background-size":"auto","background-attachment":"scroll","background-type":"","background-media":"","overlay-type":"","overlay-color":"","overlay-opacity":"","overlay-gradient":""},"tablet":{"background-color":"var(--ast-global-color-5)","background-image":"","background-repeat":"repeat","background-position":"center center","background-size":"auto","background-attachment":"scroll","background-type":"","background-media":"","overlay-type":"","overlay-color":"","overlay-opacity":"","overlay-gradient":""},"mobile":{"background-color":"var(--ast-global-color-5)","background-image":"","background-repeat":"repeat","background-position":"center center","background-size":"auto","background-attachment":"scroll","background-type":"","background-media":"","overlay-type":"","overlay-color":"","overlay-opacity":"","overlay-gradient":""}}},"product_brand":[],"product_cat":[588,617,620,1087,43,618],"product_tag":[153,811,1375,787,505,1373,1374],"class_list":{"0":"post-4341","1":"product","2":"type-product","3":"status-publish","4":"has-post-thumbnail","6":"product_cat-marke","7":"product_cat-lesli-marke","8":"product_cat-lesli-verbundfeuerwerk","9":"product_cat-neuheiten","10":"product_cat-verbundfeuerwerk","11":"product_cat-verbundfeuerwerk-lesli-marke","12":"product_tag-feuerwerk-aschaffenburg","13":"product_tag-feuerwerk-wertheim","14":"product_tag-franke-daniels-pyro","15":"product_tag-franken-pyro","16":"product_tag-franken-feuerwerk","17":"product_tag-legend-of-he-sky","18":"product_tag-lesli-legend-of-the-sky","19":"desktop-align-left","20":"tablet-align-left","21":"mobile-align-left","23":"first","24":"instock","25":"shipping-taxable","26":"purchasable","27":"product-type-simple"},"jetpack_sharing_enabled":true,"_links":{"self":[{"href":"https:\/\/franken-feuerwerk.de\/index.php\/wp-json\/wp\/v2\/product\/4341","targetHints":{"allow":["GET"]}}],"collection":[{"href":"https:\/\/franken-feuerwerk.de\/index.php\/wp-json\/wp\/v2\/product"}],"about":[{"href":"https:\/\/franken-feuerwerk.de\/index.php\/wp-json\/wp\/v2\/types\/product"}],"wp:featuredmedia":[{"embeddable":true,"href":"https:\/\/franken-feuerwerk.de\/index.php\/wp-json\/wp\/v2\/media\/4342"}],"wp:attachment":[{"href":"https:\/\/franken-feuerwerk.de\/index.php\/wp-json\/wp\/v2\/media?parent=4341"}],"wp:term":[{"taxonomy":"product_brand","embeddable":true,"href":"https:\/\/franken-feuerwerk.de\/index.php\/wp-json\/wp\/v2\/product_brand?post=4341"},{"taxonomy":"product_cat","embeddable":true,"href":"https:\/\/franken-feuerwerk.de\/index.php\/wp-json\/wp\/v2\/product_cat?post=4341"},{"taxonomy":"product_tag","embeddable":true,"href":"https:\/\/franken-feuerwerk.de\/index.php\/wp-json\/wp\/v2\/product_tag?post=4341"}],"curies":[{"name":"wp","href":"https:\/\/api.w.org\/{rel}","templated":true}]}}